{"id":3375,"date":"2021-01-19T00:41:49","date_gmt":"2021-01-19T05:41:49","guid":{"rendered":"https:\/\/gomaterials.com\/?page_id=3375"},"modified":"2022-06-09T23:03:58","modified_gmt":"2022-06-10T04:03:58","slug":"homepage","status":"publish","type":"page","link":"https:\/\/gomaterials.com\/fr\/","title":{"rendered":"Accueil"},"content":{"rendered":"","protected":false},"excerpt":{"rendered":"","protected":false},"author":9,"featured_media":0,"parent":0,"menu_order":0,"comment_status":"closed","ping_status":"closed","template":"home_v2-fr.php","meta":{"_acf_changed":false,"inline_featured_image":false,"footnotes":""},"class_list":["post-3375","page","type-page","status-publish","hentry","post-no-thumbnail"],"acf":[],"yoast_head":"<!-- This site is optimized with the Yoast SEO plugin v25.5 - https:\/\/yoast.com\/wordpress\/plugins\/seo\/ -->\n<title>GoMaterials: Approvisionnement en plantes pour paysagement<\/title>\n<meta name=\"description\" content=\"GoMaterials aide les entreprises d&#039;am\u00e9nagement paysager \u00e0 se procurer des plantes et arbres de qualit\u00e9 aupr\u00e8s de p\u00e9pini\u00e8res \u00e0 Montr\u00e9al et dans les environs.\" \/>\n<meta name=\"robots\" content=\"index, follow, max-snippet:-1, max-image-preview:large, max-video-preview:-1\" \/>\n<link rel=\"canonical\" href=\"https:\/\/gomaterials.com\/fr\/\" \/>\n<meta property=\"og:locale\" content=\"fr_FR\" \/>\n<meta property=\"og:type\" content=\"article\" \/>\n<meta property=\"og:title\" content=\"GoMaterials: Approvisionnement en plantes pour paysagement\" \/>\n<meta property=\"og:description\" content=\"GoMaterials aide les entreprises d&#039;am\u00e9nagement paysager \u00e0 se procurer des plantes et arbres de qualit\u00e9 aupr\u00e8s de p\u00e9pini\u00e8res \u00e0 Montr\u00e9al et dans les environs.\" \/>\n<meta property=\"og:url\" content=\"https:\/\/gomaterials.com\/fr\/\" \/>\n<meta property=\"og:site_name\" content=\"Go Materials\" \/>\n<meta property=\"article:modified_time\" content=\"2022-06-10T04:03:58+00:00\" \/>\n<meta property=\"og:image\" content=\"https:\/\/gomaterials.com\/wp-content\/uploads\/2021\/01\/cropped-favicon.jpg\" \/>\n\t<meta property=\"og:image:width\" content=\"512\" \/>\n\t<meta property=\"og:image:height\" content=\"512\" \/>\n\t<meta property=\"og:image:type\" content=\"image\/jpeg\" \/>\n<meta name=\"twitter:card\" content=\"summary_large_image\" \/>\n<script type=\"application\/ld+json\" class=\"yoast-schema-graph\">{\"@context\":\"https:\/\/schema.org\",\"@graph\":[{\"@type\":\"WebPage\",\"@id\":\"https:\/\/gomaterials.com\/fr\/\",\"url\":\"https:\/\/gomaterials.com\/fr\/\",\"name\":\"GoMaterials: Approvisionnement en plantes pour paysagement\",\"isPartOf\":{\"@id\":\"https:\/\/gomaterials.com\/fr\/#website\"},\"datePublished\":\"2021-01-19T05:41:49+00:00\",\"dateModified\":\"2022-06-10T04:03:58+00:00\",\"description\":\"GoMaterials aide les entreprises d'am\u00e9nagement paysager \u00e0 se procurer des plantes et arbres de qualit\u00e9 aupr\u00e8s de p\u00e9pini\u00e8res \u00e0 Montr\u00e9al et dans les environs.\",\"breadcrumb\":{\"@id\":\"https:\/\/gomaterials.com\/fr\/#breadcrumb\"},\"inLanguage\":\"fr-FR\",\"potentialAction\":[{\"@type\":\"ReadAction\",\"target\":[\"https:\/\/gomaterials.com\/fr\/\"]}]},{\"@type\":\"BreadcrumbList\",\"@id\":\"https:\/\/gomaterials.com\/fr\/#breadcrumb\",\"itemListElement\":[{\"@type\":\"ListItem\",\"position\":1,\"name\":\"Home\",\"item\":\"https:\/\/gomaterials.com\/fr\/\"},{\"@type\":\"ListItem\",\"position\":2,\"name\":\"Accueil\"}]},{\"@type\":\"WebSite\",\"@id\":\"https:\/\/gomaterials.com\/fr\/#website\",\"url\":\"https:\/\/gomaterials.com\/fr\/\",\"name\":\"Go Materials\",\"description\":\"Just another WordPress site\",\"potentialAction\":[{\"@type\":\"SearchAction\",\"target\":{\"@type\":\"EntryPoint\",\"urlTemplate\":\"https:\/\/gomaterials.com\/fr\/?s={search_term_string}\"},\"query-input\":{\"@type\":\"PropertyValueSpecification\",\"valueRequired\":true,\"valueName\":\"search_term_string\"}}],\"inLanguage\":\"fr-FR\"}]}<\/script>\n<!-- \/ Yoast SEO plugin. -->","yoast_head_json":{"title":"GoMaterials: Approvisionnement en plantes pour paysagement","description":"GoMaterials aide les entreprises d'am\u00e9nagement paysager \u00e0 se procurer des plantes et arbres de qualit\u00e9 aupr\u00e8s de p\u00e9pini\u00e8res \u00e0 Montr\u00e9al et dans les environs.","robots":{"index":"index","follow":"follow","max-snippet":"max-snippet:-1","max-image-preview":"max-image-preview:large","max-video-preview":"max-video-preview:-1"},"canonical":"https:\/\/gomaterials.com\/fr\/","og_locale":"fr_FR","og_type":"article","og_title":"GoMaterials: Approvisionnement en plantes pour paysagement","og_description":"GoMaterials aide les entreprises d'am\u00e9nagement paysager \u00e0 se procurer des plantes et arbres de qualit\u00e9 aupr\u00e8s de p\u00e9pini\u00e8res \u00e0 Montr\u00e9al et dans les environs.","og_url":"https:\/\/gomaterials.com\/fr\/","og_site_name":"Go Materials","article_modified_time":"2022-06-10T04:03:58+00:00","og_image":[{"width":512,"height":512,"url":"https:\/\/gomaterials.com\/wp-content\/uploads\/2021\/01\/cropped-favicon.jpg","type":"image\/jpeg"}],"twitter_card":"summary_large_image","schema":{"@context":"https:\/\/schema.org","@graph":[{"@type":"WebPage","@id":"https:\/\/gomaterials.com\/fr\/","url":"https:\/\/gomaterials.com\/fr\/","name":"GoMaterials: Approvisionnement en plantes pour paysagement","isPartOf":{"@id":"https:\/\/gomaterials.com\/fr\/#website"},"datePublished":"2021-01-19T05:41:49+00:00","dateModified":"2022-06-10T04:03:58+00:00","description":"GoMaterials aide les entreprises d'am\u00e9nagement paysager \u00e0 se procurer des plantes et arbres de qualit\u00e9 aupr\u00e8s de p\u00e9pini\u00e8res \u00e0 Montr\u00e9al et dans les environs.","breadcrumb":{"@id":"https:\/\/gomaterials.com\/fr\/#breadcrumb"},"inLanguage":"fr-FR","potentialAction":[{"@type":"ReadAction","target":["https:\/\/gomaterials.com\/fr\/"]}]},{"@type":"BreadcrumbList","@id":"https:\/\/gomaterials.com\/fr\/#breadcrumb","itemListElement":[{"@type":"ListItem","position":1,"name":"Home","item":"https:\/\/gomaterials.com\/fr\/"},{"@type":"ListItem","position":2,"name":"Accueil"}]},{"@type":"WebSite","@id":"https:\/\/gomaterials.com\/fr\/#website","url":"https:\/\/gomaterials.com\/fr\/","name":"Go Materials","description":"Just another WordPress site","potentialAction":[{"@type":"SearchAction","target":{"@type":"EntryPoint","urlTemplate":"https:\/\/gomaterials.com\/fr\/?s={search_term_string}"},"query-input":{"@type":"PropertyValueSpecification","valueRequired":true,"valueName":"search_term_string"}}],"inLanguage":"fr-FR"}]}},"_links":{"self":[{"href":"https:\/\/gomaterials.com\/fr\/wp-json\/wp\/v2\/pages\/3375","targetHints":{"allow":["GET"]}}],"collection":[{"href":"https:\/\/gomaterials.com\/fr\/wp-json\/wp\/v2\/pages"}],"about":[{"href":"https:\/\/gomaterials.com\/fr\/wp-json\/wp\/v2\/types\/page"}],"author":[{"embeddable":true,"href":"https:\/\/gomaterials.com\/fr\/wp-json\/wp\/v2\/users\/9"}],"replies":[{"embeddable":true,"href":"https:\/\/gomaterials.com\/fr\/wp-json\/wp\/v2\/comments?post=3375"}],"version-history":[{"count":0,"href":"https:\/\/gomaterials.com\/fr\/wp-json\/wp\/v2\/pages\/3375\/revisions"}],"wp:attachment":[{"href":"https:\/\/gomaterials.com\/fr\/wp-json\/wp\/v2\/media?parent=3375"}],"curies":[{"name":"wp","href":"https:\/\/api.w.org\/{rel}","templated":true}]}}