{"id":351,"date":"2019-08-23T14:30:33","date_gmt":"2019-08-23T14:30:33","guid":{"rendered":"https:\/\/gomaterials.com\/4-blog\/"},"modified":"2022-06-06T08:26:47","modified_gmt":"2022-06-06T13:26:47","slug":"blogue","status":"publish","type":"page","link":"https:\/\/gomaterials.com\/fr\/blogue\/","title":{"rendered":"4. Blogue FR"},"content":{"rendered":"<div class=\"wpb-content-wrapper\"><p>[vc_row full_width=&#8221;stretch_row_content_no_spaces&#8221;][vc_column background_color=&#8221;custom&#8221;][tm_image full_wide=&#8221;1&#8243; align=&#8221;center&#8221; animation=&#8221;none&#8221; image=&#8221;2416&#8243;][\/vc_column][\/vc_row][vc_row full_width=&#8221;stretch_row_content_no_spaces&#8221; el_id=&#8221;blogrow&#8221;][vc_column width=&#8221;1\/4&#8243; offset=&#8221;vc_hidden-xs&#8221;][\/vc_column][vc_column width=&#8221;1\/2&#8243; content_alignment=&#8221;center&#8221; xs_spacing=&#8221;margin_top:-10;padding_right:40;padding_left:40&#8243; lg_spacing=&#8221;margin_top:-200&#8243; sm_spacing=&#8221;margin_top:-100&#8243;][vc_row_inner background_color=&#8221;custom&#8221; border_radius=&#8221;13px&#8221; box_shadow=&#8221;0 5px 10px #ccc&#8221; custom_background_color=&#8221;#ffffff&#8221;][vc_column_inner][tm_spacer size=&#8221;xs:50;sm:100;md:100;lg:80&#8243;][tm_heading tag=&#8221;p&#8221; custom_google_font=&#8221;1&#8243; google_fonts=&#8221;font_family:Roboto%3A100%2C100italic%2C300%2C300italic%2Cregular%2Citalic%2C500%2C500italic%2C700%2C700italic%2C900%2C900italic|font_style:700%20bold%20regular%3A700%3Anormal&#8221; font_weight=&#8221;700&#8243; align=&#8221;center&#8221; text_color=&#8221;primary&#8221; animation=&#8221;none&#8221; text=&#8221;BLOGUE&#8221; font_size=&#8221;xs:14;sm:14;md:14;lg:14&#8243; letter_spacing=&#8221;2.8px&#8221;][tm_spacer size=&#8221;xs:20;sm:20;md:20;lg:20&#8243;][tm_heading tag=&#8221;h2&#8243; custom_google_font=&#8221;1&#8243; google_fonts=&#8221;&#8221; font_weight=&#8221;700&#8243; align=&#8221;center&#8221; text_color=&#8221;custom&#8221; custom_text_color=&#8221;#000000&#8243; animation=&#8221;none&#8221; text=&#8221;Tendances de l\u2019industrie, expertise en paysagement, conseils d\u2019affaires et plus!&#8221; font_size=&#8221;xs:30;sm:36;md:36;lg:36&#8243; css=&#8221;.vc_custom_1585834799574{padding-right: 20px !important;padding-left: 20px !important;}&#8221;][tm_spacer size=&#8221;xs:20;sm:20;md:20;lg:20&#8243;][vc_separator color=&#8221;custom&#8221; border_width=&#8221;4&#8243; el_width=&#8221;10&#8243; accent_color=&#8221;#0fb96b&#8221;][tm_spacer size=&#8221;xs:30;sm:30;md:30;lg:30&#8243;][tm_heading tag=&#8221;p&#8221; custom_google_font=&#8221;1&#8243; google_fonts=&#8221;&#8221; font_weight=&#8221;400&#8243; align=&#8221;center&#8221; text_color=&#8221;custom&#8221; custom_text_color=&#8221;#000000&#8243; animation=&#8221;none&#8221; text=&#8221;Le blogue GoMaterials contient des trucs, des nouvelles et des ressources utiles pour les paysagistes.&#8221; font_size=&#8221;xs:18;sm:18;md:18;lg:18&#8243; css=&#8221;.vc_custom_1585835409450{padding-right: 75px !important;padding-left: 75px !important;}&#8221; md_spacing=&#8221;padding_right:0;padding_left:0&#8243;][tm_spacer size=&#8221;xs:50;sm:50;md:50;lg:50&#8243;][vc_wp_custom_html]JTNDJTIxLS0lNUJpZiUyMGx0ZSUyMElFJTIwOCU1RCUzRSUwQSUzQ3NjcmlwdCUyMGNoYXJzZXQlM0QlMjJ1dGYtOCUyMiUyMHR5cGUlM0QlMjJ0ZXh0JTJGamF2YXNjcmlwdCUyMiUyMHNyYyUzRCUyMiUyRiUyRmpzLmhzZm9ybXMubmV0JTJGZm9ybXMlMkZ2Mi1sZWdhY3kuanMlMjIlM0UlM0MlMkZzY3JpcHQlM0UlMEElM0MlMjElNUJlbmRpZiU1RC0tJTNFJTBBJTNDc2NyaXB0JTIwY2hhcnNldCUzRCUyMnV0Zi04JTIyJTIwdHlwZSUzRCUyMnRleHQlMkZqYXZhc2NyaXB0JTIyJTIwc3JjJTNEJTIyJTJGJTJGanMuaHNmb3Jtcy5uZXQlMkZmb3JtcyUyRnYyLmpzJTIyJTNFJTNDJTJGc2NyaXB0JTNFJTBBJTNDc2NyaXB0JTNFJTBBJTIwJTIwaGJzcHQuZm9ybXMuY3JlYXRlJTI4JTdCJTBBJTA5cG9ydGFsSWQlM0ElMjAlMjIyNjkyNDA1JTIyJTJDJTBBJTA5Zm9ybUlkJTNBJTIwJTIyNGIzYjY4MDAtODNjZi00Y2UxLWIzODQtM2ZiNzI1M2M1OWUxJTIyJTBBJTdEJTI5JTNCJTBBJTNDJTJGc2NyaXB0JTNF[\/vc_wp_custom_html][tm_spacer size=&#8221;xs:50;sm:50;md:50;lg:50&#8243;][\/vc_column_inner][\/vc_row_inner][tm_spacer size=&#8221;xs:50;sm:0;md:0;lg:0&#8243;][\/vc_column][vc_column width=&#8221;1\/4&#8243; offset=&#8221;vc_hidden-xs&#8221;][\/vc_column][\/vc_row][vc_row full_width=&#8221;stretch_row_content_no_spaces&#8221;][vc_column sm_spacing=&#8221;padding_right:17;padding_left:20&#8243; xs_spacing=&#8221;padding_right:40;padding_left:40&#8243;][tm_spacer size=&#8221;xs:0;sm:80;md:80;lg:100&#8243;][tm_blog style=&#8221;grid-simple&#8221; number=&#8221;100&#8243; columns=&#8221;xs:1;sm:2;lg:3&#8243; column_gutter=&#8221;lg:30&#8243; row_gutter=&#8221;lg:30&#8243; lg_spacing=&#8221;padding_right:10;padding_left:10&#8243; taxonomies=&#8221;category:blogue&#8221;][tm_spacer size=&#8221;xs:30;sm:80;md:80;lg:100&#8243;][\/vc_column][\/vc_row]<\/p>\n<\/div>","protected":false},"excerpt":{"rendered":"<p>[vc_row full_width=&#8221;stretch_row_content_no_spaces&#8221;][vc_column background_color=&#8221;custom&#8221;][tm_image full_wide=&#8221;1&#8243; align=&#8221;center&#8221; animation=&#8221;none&#8221; image=&#8221;2416&#8243;][\/vc_column][\/vc_row][vc_row full_width=&#8221;stretch_row_content_no_spaces&#8221; el_id=&#8221;blogrow&#8221;][vc_column width=&#8221;1\/4&#8243; offset=&#8221;vc_hidden-xs&#8221;][\/vc_column][vc_column width=&#8221;1\/2&#8243; content_alignment=&#8221;center&#8221; xs_spacing=&#8221;margin_top:-10;padding_right:40;padding_left:40&#8243; lg_spacing=&#8221;margin_top:-200&#8243; sm_spacing=&#8221;margin_top:-100&#8243;][vc_row_inner background_color=&#8221;custom&#8221; border_radius=&#8221;13px&#8221; box_shadow=&#8221;0 5px 10px #ccc&#8221; custom_background_color=&#8221;#ffffff&#8221;][vc_column_inner][tm_spacer size=&#8221;xs:50;sm:100;md:100;lg:80&#8243;][tm_heading tag=&#8221;p&#8221; custom_google_font=&#8221;1&#8243; google_fonts=&#8221;font_family:Roboto%3A100%2C100italic%2C300%2C300italic%2Cregular%2Citalic%2C500%2C500italic%2C700%2C700italic%2C900%2C900italic|font_style:700%20bold%20regular%3A700%3Anormal&#8221; font_weight=&#8221;700&#8243; align=&#8221;center&#8221; text_color=&#8221;primary&#8221; animation=&#8221;none&#8221; text=&#8221;BLOGUE&#8221; font_size=&#8221;xs:14;sm:14;md:14;lg:14&#8243; letter_spacing=&#8221;2.8px&#8221;][tm_spacer size=&#8221;xs:20;sm:20;md:20;lg:20&#8243;][tm_heading tag=&#8221;h2&#8243; custom_google_font=&#8221;1&#8243; google_fonts=&#8221;&#8221; font_weight=&#8221;700&#8243; align=&#8221;center&#8221; text_color=&#8221;custom&#8221; custom_text_color=&#8221;#000000&#8243; animation=&#8221;none&#8221; text=&#8221;Tendances de l\u2019industrie, expertise en paysagement, conseils d\u2019affaires et plus!&#8221; font_size=&#8221;xs:30;sm:36;md:36;lg:36&#8243; css=&#8221;.vc_custom_1585834799574{padding-right: 20px !important;padding-left: 20px !important;}&#8221;][tm_spacer size=&#8221;xs:20;sm:20;md:20;lg:20&#8243;][vc_separator color=&#8221;custom&#8221; border_width=&#8221;4&#8243; el_width=&#8221;10&#8243; accent_color=&#8221;#0fb96b&#8221;][tm_spacer size=&#8221;xs:30;sm:30;md:30;lg:30&#8243;][tm_heading tag=&#8221;p&#8221; custom_google_font=&#8221;1&#8243; google_fonts=&#8221;&#8221; font_weight=&#8221;400&#8243; align=&#8221;center&#8221; text_color=&#8221;custom&#8221; custom_text_color=&#8221;#000000&#8243; animation=&#8221;none&#8221; text=&#8221;Le blogue GoMaterials contient des trucs, des nouvelles et des ressources utiles pour les paysagistes.&#8221; font_size=&#8221;xs:18;sm:18;md:18;lg:18&#8243; css=&#8221;.vc_custom_1585835409450{padding-right: 75px !important;padding-left: 75px !important;}&#8221; md_spacing=&#8221;padding_right:0;padding_left:0&#8243;][tm_spacer size=&#8221;xs:50;sm:50;md:50;lg:50&#8243;][vc_wp_custom_html]JTNDJTIxLS0lNUJpZiUyMGx0ZSUyMElFJTIwOCU1RCUzRSUwQSUzQ3NjcmlwdCUyMGNoYXJzZXQlM0QlMjJ1dGYtOCUyMiUyMHR5cGUlM0QlMjJ0ZXh0JTJGamF2YXNjcmlwdCUyMiUyMHNyYyUzRCUyMiUyRiUyRmpzLmhzZm9ybXMubmV0JTJGZm9ybXMlMkZ2Mi1sZWdhY3kuanMlMjIlM0UlM0MlMkZzY3JpcHQlM0UlMEElM0MlMjElNUJlbmRpZiU1RC0tJTNFJTBBJTNDc2NyaXB0JTIwY2hhcnNldCUzRCUyMnV0Zi04JTIyJTIwdHlwZSUzRCUyMnRleHQlMkZqYXZhc2NyaXB0JTIyJTIwc3JjJTNEJTIyJTJGJTJGanMuaHNmb3Jtcy5uZXQlMkZmb3JtcyUyRnYyLmpzJTIyJTNFJTNDJTJGc2NyaXB0JTNFJTBBJTNDc2NyaXB0JTNFJTBBJTIwJTIwaGJzcHQuZm9ybXMuY3JlYXRlJTI4JTdCJTBBJTA5cG9ydGFsSWQlM0ElMjAlMjIyNjkyNDA1JTIyJTJDJTBBJTA5Zm9ybUlkJTNBJTIwJTIyNGIzYjY4MDAtODNjZi00Y2UxLWIzODQtM2ZiNzI1M2M1OWUxJTIyJTBBJTdEJTI5JTNCJTBBJTNDJTJGc2NyaXB0JTNF[\/vc_wp_custom_html][tm_spacer size=&#8221;xs:50;sm:50;md:50;lg:50&#8243;][\/vc_column_inner][\/vc_row_inner][tm_spacer size=&#8221;xs:50;sm:0;md:0;lg:0&#8243;][\/vc_column][vc_column width=&#8221;1\/4&#8243; offset=&#8221;vc_hidden-xs&#8221;][\/vc_column][\/vc_row][vc_row full_width=&#8221;stretch_row_content_no_spaces&#8221;][vc_column sm_spacing=&#8221;padding_right:17;padding_left:20&#8243; xs_spacing=&#8221;padding_right:40;padding_left:40&#8243;][tm_spacer size=&#8221;xs:0;sm:80;md:80;lg:100&#8243;][tm_blog style=&#8221;grid-simple&#8221; number=&#8221;100&#8243; columns=&#8221;xs:1;sm:2;lg:3&#8243; column_gutter=&#8221;lg:30&#8243; row_gutter=&#8221;lg:30&#8243; lg_spacing=&#8221;padding_right:10;padding_left:10&#8243; taxonomies=&#8221;category:blogue&#8221;][tm_spacer size=&#8221;xs:30;sm:80;md:80;lg:100&#8243;][\/vc_column][\/vc_row]<\/p>\n","protected":false},"author":4,"featured_media":0,"parent":0,"menu_order":0,"comment_status":"closed","ping_status":"closed","template":"","meta":{"_acf_changed":false,"inline_featured_image":false,"footnotes":""},"class_list":["post-351","page","type-page","status-publish","hentry","post-no-thumbnail"],"acf":[],"yoast_head":"<!-- This site is optimized with the Yoast SEO plugin v25.5 - https:\/\/yoast.com\/wordpress\/plugins\/seo\/ -->\n<title>Blogue | Tendances en am\u00e9nagement paysager - GoMaterials<\/title>\n<meta name=\"description\" content=\"Consultez nos articles sur les tendances d&#039;am\u00e9nagement paysager. Abonnez-vous pour recevoir du contenu sur l&#039;am\u00e9nagement paysager dans votre bo\u00eete de r\u00e9ception!\" \/>\n<meta name=\"robots\" content=\"index, follow, max-snippet:-1, max-image-preview:large, max-video-preview:-1\" \/>\n<link rel=\"canonical\" href=\"https:\/\/gomaterials.com\/blog\/\" \/>\n<meta property=\"og:locale\" content=\"fr_FR\" \/>\n<meta property=\"og:type\" content=\"article\" \/>\n<meta property=\"og:title\" content=\"Blog - GoMaterials\" \/>\n<meta property=\"og:description\" content=\"The GoMaterials blog is your source for all things landscaping. Read about industry trends, business growth hacks, plant care, trips &amp; tricks and more!\" \/>\n<meta property=\"og:url\" content=\"https:\/\/gomaterials.com\/blog\/\" \/>\n<meta property=\"og:site_name\" content=\"Go Materials\" \/>\n<meta property=\"article:modified_time\" content=\"2022-06-06T13:26:47+00:00\" \/>\n<meta property=\"og:image\" content=\"https:\/\/gomaterials.com\/wp-content\/uploads\/2021\/01\/cropped-favicon.jpg\" \/>\n\t<meta property=\"og:image:width\" content=\"512\" \/>\n\t<meta property=\"og:image:height\" content=\"512\" \/>\n\t<meta property=\"og:image:type\" content=\"image\/jpeg\" \/>\n<meta name=\"twitter:card\" content=\"summary_large_image\" \/>\n<meta name=\"twitter:title\" content=\"Blog - GoMaterials\" \/>\n<meta name=\"twitter:description\" content=\"The GoMaterials blog is your source for all things landscaping. Read about industry trends, business growth hacks, plant care, trips &amp; tricks and more!\" \/>\n<meta name=\"twitter:label1\" content=\"Dur\u00e9e de lecture estim\u00e9e\" \/>\n\t<meta name=\"twitter:data1\" content=\"1 minute\" \/>\n<script type=\"application\/ld+json\" class=\"yoast-schema-graph\">{\"@context\":\"https:\/\/schema.org\",\"@graph\":[{\"@type\":\"WebPage\",\"@id\":\"https:\/\/gomaterials.com\/blog\/\",\"url\":\"https:\/\/gomaterials.com\/blog\/\",\"name\":\"Blogue | Tendances en am\u00e9nagement paysager - GoMaterials\",\"isPartOf\":{\"@id\":\"https:\/\/gomaterials.com\/fr\/#website\"},\"datePublished\":\"2019-08-23T14:30:33+00:00\",\"dateModified\":\"2022-06-06T13:26:47+00:00\",\"description\":\"Consultez nos articles sur les tendances d'am\u00e9nagement paysager. Abonnez-vous pour recevoir du contenu sur l'am\u00e9nagement paysager dans votre bo\u00eete de r\u00e9ception!\",\"breadcrumb\":{\"@id\":\"https:\/\/gomaterials.com\/blog\/#breadcrumb\"},\"inLanguage\":\"fr-FR\",\"potentialAction\":[{\"@type\":\"ReadAction\",\"target\":[\"https:\/\/gomaterials.com\/blog\/\"]}]},{\"@type\":\"BreadcrumbList\",\"@id\":\"https:\/\/gomaterials.com\/blog\/#breadcrumb\",\"itemListElement\":[{\"@type\":\"ListItem\",\"position\":1,\"name\":\"Home\",\"item\":\"https:\/\/gomaterials.com\/fr\/\"},{\"@type\":\"ListItem\",\"position\":2,\"name\":\"4. Blogue FR\"}]},{\"@type\":\"WebSite\",\"@id\":\"https:\/\/gomaterials.com\/fr\/#website\",\"url\":\"https:\/\/gomaterials.com\/fr\/\",\"name\":\"Go Materials\",\"description\":\"Just another WordPress site\",\"potentialAction\":[{\"@type\":\"SearchAction\",\"target\":{\"@type\":\"EntryPoint\",\"urlTemplate\":\"https:\/\/gomaterials.com\/fr\/?s={search_term_string}\"},\"query-input\":{\"@type\":\"PropertyValueSpecification\",\"valueRequired\":true,\"valueName\":\"search_term_string\"}}],\"inLanguage\":\"fr-FR\"}]}<\/script>\n<!-- \/ Yoast SEO plugin. -->","yoast_head_json":{"title":"Blogue | Tendances en am\u00e9nagement paysager - GoMaterials","description":"Consultez nos articles sur les tendances d'am\u00e9nagement paysager. Abonnez-vous pour recevoir du contenu sur l'am\u00e9nagement paysager dans votre bo\u00eete de r\u00e9ception!","robots":{"index":"index","follow":"follow","max-snippet":"max-snippet:-1","max-image-preview":"max-image-preview:large","max-video-preview":"max-video-preview:-1"},"canonical":"https:\/\/gomaterials.com\/blog\/","og_locale":"fr_FR","og_type":"article","og_title":"Blog - GoMaterials","og_description":"The GoMaterials blog is your source for all things landscaping. Read about industry trends, business growth hacks, plant care, trips & tricks and more!","og_url":"https:\/\/gomaterials.com\/blog\/","og_site_name":"Go Materials","article_modified_time":"2022-06-06T13:26:47+00:00","og_image":[{"width":512,"height":512,"url":"https:\/\/gomaterials.com\/wp-content\/uploads\/2021\/01\/cropped-favicon.jpg","type":"image\/jpeg"}],"twitter_card":"summary_large_image","twitter_title":"Blog - GoMaterials","twitter_description":"The GoMaterials blog is your source for all things landscaping. Read about industry trends, business growth hacks, plant care, trips & tricks and more!","twitter_misc":{"Dur\u00e9e de lecture estim\u00e9e":"1 minute"},"schema":{"@context":"https:\/\/schema.org","@graph":[{"@type":"WebPage","@id":"https:\/\/gomaterials.com\/blog\/","url":"https:\/\/gomaterials.com\/blog\/","name":"Blogue | Tendances en am\u00e9nagement paysager - GoMaterials","isPartOf":{"@id":"https:\/\/gomaterials.com\/fr\/#website"},"datePublished":"2019-08-23T14:30:33+00:00","dateModified":"2022-06-06T13:26:47+00:00","description":"Consultez nos articles sur les tendances d'am\u00e9nagement paysager. Abonnez-vous pour recevoir du contenu sur l'am\u00e9nagement paysager dans votre bo\u00eete de r\u00e9ception!","breadcrumb":{"@id":"https:\/\/gomaterials.com\/blog\/#breadcrumb"},"inLanguage":"fr-FR","potentialAction":[{"@type":"ReadAction","target":["https:\/\/gomaterials.com\/blog\/"]}]},{"@type":"BreadcrumbList","@id":"https:\/\/gomaterials.com\/blog\/#breadcrumb","itemListElement":[{"@type":"ListItem","position":1,"name":"Home","item":"https:\/\/gomaterials.com\/fr\/"},{"@type":"ListItem","position":2,"name":"4. Blogue FR"}]},{"@type":"WebSite","@id":"https:\/\/gomaterials.com\/fr\/#website","url":"https:\/\/gomaterials.com\/fr\/","name":"Go Materials","description":"Just another WordPress site","potentialAction":[{"@type":"SearchAction","target":{"@type":"EntryPoint","urlTemplate":"https:\/\/gomaterials.com\/fr\/?s={search_term_string}"},"query-input":{"@type":"PropertyValueSpecification","valueRequired":true,"valueName":"search_term_string"}}],"inLanguage":"fr-FR"}]}},"_links":{"self":[{"href":"https:\/\/gomaterials.com\/fr\/wp-json\/wp\/v2\/pages\/351","targetHints":{"allow":["GET"]}}],"collection":[{"href":"https:\/\/gomaterials.com\/fr\/wp-json\/wp\/v2\/pages"}],"about":[{"href":"https:\/\/gomaterials.com\/fr\/wp-json\/wp\/v2\/types\/page"}],"author":[{"embeddable":true,"href":"https:\/\/gomaterials.com\/fr\/wp-json\/wp\/v2\/users\/4"}],"replies":[{"embeddable":true,"href":"https:\/\/gomaterials.com\/fr\/wp-json\/wp\/v2\/comments?post=351"}],"version-history":[{"count":0,"href":"https:\/\/gomaterials.com\/fr\/wp-json\/wp\/v2\/pages\/351\/revisions"}],"wp:attachment":[{"href":"https:\/\/gomaterials.com\/fr\/wp-json\/wp\/v2\/media?parent=351"}],"curies":[{"name":"wp","href":"https:\/\/api.w.org\/{rel}","templated":true}]}}