{"id":472,"date":"2019-08-27T19:22:47","date_gmt":"2019-08-27T19:22:47","guid":{"rendered":"https:\/\/gomaterials.com\/5-contactez-nous\/"},"modified":"2025-10-15T13:23:49","modified_gmt":"2025-10-15T18:23:49","slug":"nous-joindre","status":"publish","type":"page","link":"https:\/\/gomaterials.com\/fr\/nous-joindre\/","title":{"rendered":"5. Contact Us FR"},"content":{"rendered":"<div class=\"wpb-content-wrapper\"><p>[vc_row full_width=&#8221;stretch_row_content_no_spaces&#8221;][vc_column background_color=&#8221;custom&#8221; offset=&#8221;vc_hidden-xs&#8221;][tm_image full_wide=&#8221;1&#8243; align=&#8221;center&#8221; animation=&#8221;none&#8221; image=&#8221;2448&#8243;][\/vc_column][\/vc_row][vc_row full_width=&#8221;stretch_row_content_no_spaces&#8221;][vc_column background_color=&#8221;custom&#8221; offset=&#8221;vc_hidden-lg vc_hidden-md vc_hidden-sm&#8221;][tm_image full_wide=&#8221;1&#8243; align=&#8221;center&#8221; animation=&#8221;none&#8221; image=&#8221;2448&#8243;][\/vc_column][\/vc_row][vc_row full_width=&#8221;stretch_row_content_no_spaces&#8221; equal_height=&#8221;yes&#8221; el_class=&#8221;contact-us-block&#8221;][vc_column width=&#8221;1\/12&#8243; lg_spacing=&#8221;padding_right:100;padding_left:100&#8243; md_spacing=&#8221;padding_right:40;padding_left:40&#8243; sm_spacing=&#8221;padding_right:40;padding_left:40&#8243; xs_spacing=&#8221;padding_right:40;padding_left:40&#8243; offset=&#8221;vc_hidden-xs&#8221;][\/vc_column][vc_column width=&#8221;4\/12&#8243; lg_spacing=&#8221;margin_top:-120&#8243; xs_spacing=&#8221;margin_top:0&#8243; sm_spacing=&#8221;margin_top:-80&#8243;][vc_row_inner background_color=&#8221;custom&#8221; border_radius=&#8221;13px&#8221; custom_background_color=&#8221;#23714d&#8221; sm_spacing=&#8221;padding_right:3&#8243;][vc_column_inner xs_spacing=&#8221;padding_right:15;padding_left:15&#8243; lg_spacing=&#8221;padding_right:70;padding_left:70&#8243; md_spacing=&#8221;padding_right:40;padding_left:40&#8243; sm_spacing=&#8221;padding_right:30;padding_left:30&#8243;][tm_spacer size=&#8221;xs:100;sm:150;md:190;lg:150&#8243;][tm_heading tag=&#8221;h2&#8243; custom_google_font=&#8221;1&#8243; google_fonts=&#8221;font_family:Roboto%3A100%2C100italic%2C300%2C300italic%2Cregular%2Citalic%2C500%2C500italic%2C700%2C700italic%2C900%2C900italic|font_style:700%20bold%20regular%3A700%3Anormal&#8221; font_weight=&#8221;700&#8243; text_color=&#8221;custom&#8221; custom_text_color=&#8221;#ffffff&#8221; animation=&#8221;none&#8221; text=&#8221;Pour nous joindre&#8221; font_size=&#8221;xs:30;sm:36;md:36;lg:36&#8243;][tm_spacer size=&#8221;xs:20;sm:20;md:20;lg:20&#8243;][tm_heading tag=&#8221;p&#8221; custom_google_font=&#8221;1&#8243; google_fonts=&#8221;font_family:Roboto%3A100%2C100italic%2C300%2C300italic%2Cregular%2Citalic%2C500%2C500italic%2C700%2C700italic%2C900%2C900italic|font_style:700%20bold%20regular%3A700%3Anormal&#8221; font_weight=&#8221;400&#8243; text_color=&#8221;custom&#8221; custom_text_color=&#8221;#ffffff&#8221; animation=&#8221;none&#8221; text=&#8221;Addresse<br \/>\n642 rue de Courcelle, Suite 104,<br \/>\nMontr\u00e9al, Qc, H4C 3C7<br \/>\nCanada&#8221; font_size=&#8221;xs:16;sm:14;md:18;lg:18&#8243;][tm_spacer size=&#8221;xs:20;sm:20;md:20;lg:20&#8243;][tm_heading tag=&#8221;p&#8221; custom_google_font=&#8221;1&#8243; google_fonts=&#8221;font_family:Roboto%3A100%2C100italic%2C300%2C300italic%2Cregular%2Citalic%2C500%2C500italic%2C700%2C700italic%2C900%2C900italic|font_style:700%20bold%20regular%3A700%3Anormal&#8221; font_weight=&#8221;400&#8243; text_color=&#8221;custom&#8221; custom_text_color=&#8221;#ffffff&#8221; animation=&#8221;none&#8221; text=&#8221;info@gomaterials.com&#8221; font_size=&#8221;xs:16;sm:14;md:18;lg:18&#8243; link=&#8221;mailto:info@gomaterials.com&#8221;][tm_spacer size=&#8221;xs:20;sm:20;md:20;lg:20&#8243;][tm_heading tag=&#8221;p&#8221; custom_google_font=&#8221;1&#8243; google_fonts=&#8221;&#8221; font_weight=&#8221;400&#8243; text_color=&#8221;custom&#8221; custom_text_color=&#8221;#ffffff&#8221; animation=&#8221;none&#8221; text=&#8221;Canada: +1 514-556-1817&#8243; font_size=&#8221;xs:16;sm:14;md:18;lg:18&#8243; link=&#8221;tel:+15145561817&#8243;][tm_heading tag=&#8221;p&#8221; custom_google_font=&#8221;1&#8243; google_fonts=&#8221;&#8221; font_weight=&#8221;400&#8243; text_color=&#8221;custom&#8221; custom_text_color=&#8221;#ffffff&#8221; animation=&#8221;none&#8221; text=&#8221;New York: +1 917-231-2622&#8243; font_size=&#8221;xs:16;sm:14;md:18;lg:18&#8243; link=&#8221;tel:+19172312622&#8243;][tm_heading tag=&#8221;p&#8221; custom_google_font=&#8221;1&#8243; google_fonts=&#8221;&#8221; font_weight=&#8221;400&#8243; text_color=&#8221;custom&#8221; custom_text_color=&#8221;#ffffff&#8221; animation=&#8221;none&#8221; text=&#8221;Floride: +1 407-214-6853&#8243; font_size=&#8221;xs:16;sm:14;md:18;lg:18&#8243; link=&#8221;tel:+14072146853&#8243;][tm_heading tag=&#8221;p&#8221; custom_google_font=&#8221;1&#8243; google_fonts=&#8221;&#8221; font_weight=&#8221;400&#8243; text_color=&#8221;custom&#8221; custom_text_color=&#8221;#ffffff&#8221; animation=&#8221;none&#8221; text=&#8221;Texas: +1 713-702-5371&#8243; font_size=&#8221;xs:16;sm:14;md:18;lg:18&#8243; link=&#8221;tel:+17137025371&#8243;][tm_heading tag=&#8221;p&#8221; custom_google_font=&#8221;1&#8243; google_fonts=&#8221;&#8221; font_weight=&#8221;400&#8243; text_color=&#8221;custom&#8221; custom_text_color=&#8221;#ffffff&#8221; animation=&#8221;none&#8221; text=&#8221;Californie: +1 213-218-6228&#8243; font_size=&#8221;xs:16;sm:14;md:18;lg:18&#8243; link=&#8221;tel:+12132186228&#8243;][tm_heading tag=&#8221;p&#8221; custom_google_font=&#8221;1&#8243; google_fonts=&#8221;&#8221; font_weight=&#8221;400&#8243; text_color=&#8221;custom&#8221; custom_text_color=&#8221;#ffffff&#8221; animation=&#8221;none&#8221; text=&#8221;G\u00e9orgie: +1 404-383-4274&#8243; font_size=&#8221;xs:16;sm:14;md:18;lg:18&#8243; link=&#8221;tel:+17134695331&#8243;][tm_heading tag=&#8221;p&#8221; custom_google_font=&#8221;1&#8243; google_fonts=&#8221;&#8221; font_weight=&#8221;400&#8243; text_color=&#8221;custom&#8221; custom_text_color=&#8221;#ffffff&#8221; animation=&#8221;none&#8221; text=&#8221;Les Carolines: +1 704-705-8703&#8243; font_size=&#8221;xs:16;sm:14;md:18;lg:18&#8243; link=&#8221;tel:+17047058703&#8243;][tm_spacer size=&#8221;xs:20;sm:20;md:20;lg:20&#8243;][tm_social_networks style=&#8221;large-icons&#8221; xs_align=&#8221;left&#8221; items=&#8221;%5B%7B%22title%22%3A%22Facebook%22%2C%22link%22%3A%22https%3A%2F%2Fwww.facebook.com%2Fgomaterials%2F%22%2C%22icon_fontawesome5%22%3A%22fab%20fa-facebook%22%7D%2C%7B%22title%22%3A%22Instagram%22%2C%22link%22%3A%22https%3A%2F%2Fwww.instagram.com%2Fgomaterials%2F%22%2C%22icon_fontawesome5%22%3A%22fab%20fa-instagram%22%7D%2C%7B%22title%22%3A%22LinkedIn%22%2C%22link%22%3A%22https%3A%2F%2Fwww.linkedin.com%2Fcompany%2Fgomaterials%2F%22%2C%22icon_fontawesome5%22%3A%22fab%20fa-linkedin%22%7D%5D&#8221; icon_color=&#8221;custom&#8221; custom_icon_color=&#8221;#ffffff&#8221; icon_hover_color=&#8221;primary&#8221;][tm_spacer size=&#8221;xs:40;sm:40;md:40;lg:40&#8243;][tm_heading tag=&#8221;h2&#8243; custom_google_font=&#8221;1&#8243; google_fonts=&#8221;font_family:Roboto%3A100%2C100italic%2C300%2C300italic%2Cregular%2Citalic%2C500%2C500italic%2C700%2C700italic%2C900%2C900italic|font_style:700%20bold%20regular%3A700%3Anormal&#8221; font_weight=&#8221;700&#8243; text_color=&#8221;custom&#8221; custom_text_color=&#8221;#ffffff&#8221; animation=&#8221;none&#8221; text=&#8221;Avez-vous des questions?&#8221; font_size=&#8221;xs:30;sm:36;md:36;lg:36&#8243;][tm_spacer size=&#8221;xs:20;sm:20;md:20;lg:20&#8243;][vc_column_text css_animation=&#8221;none&#8221; el_class=&#8221;Body-links&#8221;]<span style=\"font-weight: 400; font-family: Roboto; font-size: 18px; color: #ffffff; letter-spacing: 0.1px;\">Assurez-vous de consulter notre FAQ de <a href=\"\/fr\/paysagistes\/#landscapersfaqfr\"><span style=\"color: #ffe51c;\">paysagiste <\/span><\/a><span style=\"font-weight: 400; font-family: Roboto; font-size: 18px; color: #ffffff; letter-spacing: 0.1px;\"> et de <a href=\"\/fr\/fournisseurs\/#vendorsfaqfr\"><span style=\"color: #ffe51c;\">fournisseur<\/span><\/a> <span style=\"font-weight: 400; font-family: Roboto; font-size: 18px; color: #ffffff; letter-spacing: 0.1px;\"> pour trouver des r\u00e9ponses aux questions qui nous sont fr\u00e9quemment pos\u00e9es.<\/span><\/span><\/span>[\/vc_column_text][tm_spacer size=&#8221;xs:100;sm:150;md:190;lg:150&#8243;][\/vc_column_inner][\/vc_row_inner][\/vc_column][vc_column width=&#8221;1\/12&#8243; lg_spacing=&#8221;padding_left:4&#8243; offset=&#8221;vc_hidden-xs&#8221;][\/vc_column][vc_column width=&#8221;5\/12&#8243; lg_spacing=&#8221;padding_right:40;padding_left:40&#8243; md_spacing=&#8221;padding_right:10;padding_left:10&#8243; sm_spacing=&#8221;padding_right:10;padding_left:10&#8243; xs_spacing=&#8221;padding_right:0;padding_left:0&#8243;][tm_spacer size=&#8221;xs:30;sm:30;md:30;lg:50&#8243;][tm_heading tag=&#8221;h2&#8243; custom_google_font=&#8221;1&#8243; google_fonts=&#8221;font_family:Roboto%3A100%2C100italic%2C300%2C300italic%2Cregular%2Citalic%2C500%2C500italic%2C700%2C700italic%2C900%2C900italic|font_style:700%20bold%20regular%3A700%3Anormal&#8221; font_weight=&#8221;700&#8243; text_color=&#8221;custom&#8221; custom_text_color=&#8221;#000000&#8243; animation=&#8221;none&#8221; text=&#8221;Laissez-nous un message&#8221; font_size=&#8221;xs:30;sm:36;md:36;lg:36&#8243;][tm_spacer size=&#8221;xs:30;sm:30;md:30;lg:50&#8243;][tm_contact_form_7 id=&#8221;706&#8243;][tm_spacer size=&#8221;xs:30;sm:30;md:30;lg:30&#8243;][\/vc_column][vc_column width=&#8221;1\/12&#8243; offset=&#8221;vc_hidden-xs&#8221;][\/vc_column][\/vc_row][vc_row][vc_column][tm_spacer size=&#8221;xs:50;sm:80;md:100;lg:100&#8243;][\/vc_column][\/vc_row]<\/p>\n<\/div>","protected":false},"excerpt":{"rendered":"<p>[vc_row full_width=&#8221;stretch_row_content_no_spaces&#8221;][vc_column background_color=&#8221;custom&#8221; offset=&#8221;vc_hidden-xs&#8221;][tm_image full_wide=&#8221;1&#8243; align=&#8221;center&#8221; animation=&#8221;none&#8221; image=&#8221;2448&#8243;][\/vc_column][\/vc_row][vc_row full_width=&#8221;stretch_row_content_no_spaces&#8221;][vc_column background_color=&#8221;custom&#8221; offset=&#8221;vc_hidden-lg vc_hidden-md vc_hidden-sm&#8221;][tm_image full_wide=&#8221;1&#8243; align=&#8221;center&#8221; animation=&#8221;none&#8221; image=&#8221;2448&#8243;][\/vc_column][\/vc_row][vc_row full_width=&#8221;stretch_row_content_no_spaces&#8221; equal_height=&#8221;yes&#8221; el_class=&#8221;contact-us-block&#8221;][vc_column width=&#8221;1\/12&#8243; lg_spacing=&#8221;padding_right:100;padding_left:100&#8243; md_spacing=&#8221;padding_right:40;padding_left:40&#8243; sm_spacing=&#8221;padding_right:40;padding_left:40&#8243; xs_spacing=&#8221;padding_right:40;padding_left:40&#8243; offset=&#8221;vc_hidden-xs&#8221;][\/vc_column][vc_column width=&#8221;4\/12&#8243; lg_spacing=&#8221;margin_top:-120&#8243; xs_spacing=&#8221;margin_top:0&#8243; sm_spacing=&#8221;margin_top:-80&#8243;][vc_row_inner background_color=&#8221;custom&#8221; border_radius=&#8221;13px&#8221; custom_background_color=&#8221;#23714d&#8221; sm_spacing=&#8221;padding_right:3&#8243;][vc_column_inner xs_spacing=&#8221;padding_right:15;padding_left:15&#8243; lg_spacing=&#8221;padding_right:70;padding_left:70&#8243; md_spacing=&#8221;padding_right:40;padding_left:40&#8243; sm_spacing=&#8221;padding_right:30;padding_left:30&#8243;][tm_spacer size=&#8221;xs:100;sm:150;md:190;lg:150&#8243;][tm_heading tag=&#8221;h2&#8243; custom_google_font=&#8221;1&#8243; google_fonts=&#8221;font_family:Roboto%3A100%2C100italic%2C300%2C300italic%2Cregular%2Citalic%2C500%2C500italic%2C700%2C700italic%2C900%2C900italic|font_style:700%20bold%20regular%3A700%3Anormal&#8221; font_weight=&#8221;700&#8243; text_color=&#8221;custom&#8221; custom_text_color=&#8221;#ffffff&#8221; animation=&#8221;none&#8221; text=&#8221;Pour nous joindre&#8221; font_size=&#8221;xs:30;sm:36;md:36;lg:36&#8243;][tm_spacer size=&#8221;xs:20;sm:20;md:20;lg:20&#8243;][tm_heading tag=&#8221;p&#8221; custom_google_font=&#8221;1&#8243; google_fonts=&#8221;font_family:Roboto%3A100%2C100italic%2C300%2C300italic%2Cregular%2Citalic%2C500%2C500italic%2C700%2C700italic%2C900%2C900italic|font_style:700%20bold%20regular%3A700%3Anormal&#8221; font_weight=&#8221;400&#8243; text_color=&#8221;custom&#8221; custom_text_color=&#8221;#ffffff&#8221; animation=&#8221;none&#8221; text=&#8221;Addresse 642 rue de Courcelle, Suite 104, Montr\u00e9al, Qc, H4C 3C7 Canada&#8221; font_size=&#8221;xs:16;sm:14;md:18;lg:18&#8243;][tm_spacer size=&#8221;xs:20;sm:20;md:20;lg:20&#8243;][tm_heading tag=&#8221;p&#8221; custom_google_font=&#8221;1&#8243; google_fonts=&#8221;font_family:Roboto%3A100%2C100italic%2C300%2C300italic%2Cregular%2Citalic%2C500%2C500italic%2C700%2C700italic%2C900%2C900italic|font_style:700%20bold%20regular%3A700%3Anormal&#8221; font_weight=&#8221;400&#8243; text_color=&#8221;custom&#8221; custom_text_color=&#8221;#ffffff&#8221; animation=&#8221;none&#8221; text=&#8221;info@gomaterials.com&#8221; font_size=&#8221;xs:16;sm:14;md:18;lg:18&#8243; link=&#8221;mailto:info@gomaterials.com&#8221;][tm_spacer size=&#8221;xs:20;sm:20;md:20;lg:20&#8243;][tm_heading tag=&#8221;p&#8221; custom_google_font=&#8221;1&#8243; google_fonts=&#8221;&#8221; font_weight=&#8221;400&#8243; text_color=&#8221;custom&#8221; custom_text_color=&#8221;#ffffff&#8221; animation=&#8221;none&#8221; text=&#8221;Canada: +1 514-556-1817&#8243; font_size=&#8221;xs:16;sm:14;md:18;lg:18&#8243; link=&#8221;tel:+15145561817&#8243;][tm_heading tag=&#8221;p&#8221; custom_google_font=&#8221;1&#8243; google_fonts=&#8221;&#8221; font_weight=&#8221;400&#8243; text_color=&#8221;custom&#8221; custom_text_color=&#8221;#ffffff&#8221; animation=&#8221;none&#8221; text=&#8221;New York: +1 917-231-2622&#8243; font_size=&#8221;xs:16;sm:14;md:18;lg:18&#8243; link=&#8221;tel:+19172312622&#8243;][tm_heading tag=&#8221;p&#8221; custom_google_font=&#8221;1&#8243; google_fonts=&#8221;&#8221; font_weight=&#8221;400&#8243; text_color=&#8221;custom&#8221; custom_text_color=&#8221;#ffffff&#8221; animation=&#8221;none&#8221; text=&#8221;Floride: +1 407-214-6853&#8243; font_size=&#8221;xs:16;sm:14;md:18;lg:18&#8243; link=&#8221;tel:+14072146853&#8243;][tm_heading tag=&#8221;p&#8221; custom_google_font=&#8221;1&#8243; google_fonts=&#8221;&#8221; font_weight=&#8221;400&#8243; text_color=&#8221;custom&#8221; custom_text_color=&#8221;#ffffff&#8221; animation=&#8221;none&#8221; text=&#8221;Texas: +1 713-702-5371&#8243; font_size=&#8221;xs:16;sm:14;md:18;lg:18&#8243; link=&#8221;tel:+17137025371&#8243;][tm_heading tag=&#8221;p&#8221; custom_google_font=&#8221;1&#8243; google_fonts=&#8221;&#8221; font_weight=&#8221;400&#8243; text_color=&#8221;custom&#8221; custom_text_color=&#8221;#ffffff&#8221; animation=&#8221;none&#8221; text=&#8221;Californie: +1 213-218-6228&#8243; font_size=&#8221;xs:16;sm:14;md:18;lg:18&#8243; link=&#8221;tel:+12132186228&#8243;][tm_heading tag=&#8221;p&#8221; custom_google_font=&#8221;1&#8243; google_fonts=&#8221;&#8221; font_weight=&#8221;400&#8243; text_color=&#8221;custom&#8221; custom_text_color=&#8221;#ffffff&#8221; animation=&#8221;none&#8221; text=&#8221;G\u00e9orgie: +1 404-383-4274&#8243; font_size=&#8221;xs:16;sm:14;md:18;lg:18&#8243; link=&#8221;tel:+17134695331&#8243;][tm_heading tag=&#8221;p&#8221; custom_google_font=&#8221;1&#8243; google_fonts=&#8221;&#8221; font_weight=&#8221;400&#8243; text_color=&#8221;custom&#8221; custom_text_color=&#8221;#ffffff&#8221; animation=&#8221;none&#8221; text=&#8221;Les Carolines: +1 704-705-8703&#8243; font_size=&#8221;xs:16;sm:14;md:18;lg:18&#8243; link=&#8221;tel:+17047058703&#8243;][tm_spacer size=&#8221;xs:20;sm:20;md:20;lg:20&#8243;][tm_social_networks style=&#8221;large-icons&#8221; xs_align=&#8221;left&#8221; items=&#8221;%5B%7B%22title%22%3A%22Facebook%22%2C%22link%22%3A%22https%3A%2F%2Fwww.facebook.com%2Fgomaterials%2F%22%2C%22icon_fontawesome5%22%3A%22fab%20fa-facebook%22%7D%2C%7B%22title%22%3A%22Instagram%22%2C%22link%22%3A%22https%3A%2F%2Fwww.instagram.com%2Fgomaterials%2F%22%2C%22icon_fontawesome5%22%3A%22fab%20fa-instagram%22%7D%2C%7B%22title%22%3A%22LinkedIn%22%2C%22link%22%3A%22https%3A%2F%2Fwww.linkedin.com%2Fcompany%2Fgomaterials%2F%22%2C%22icon_fontawesome5%22%3A%22fab%20fa-linkedin%22%7D%5D&#8221; icon_color=&#8221;custom&#8221; custom_icon_color=&#8221;#ffffff&#8221; icon_hover_color=&#8221;primary&#8221;][tm_spacer size=&#8221;xs:40;sm:40;md:40;lg:40&#8243;][tm_heading tag=&#8221;h2&#8243; custom_google_font=&#8221;1&#8243; google_fonts=&#8221;font_family:Roboto%3A100%2C100italic%2C300%2C300italic%2Cregular%2Citalic%2C500%2C500italic%2C700%2C700italic%2C900%2C900italic|font_style:700%20bold%20regular%3A700%3Anormal&#8221; font_weight=&#8221;700&#8243; text_color=&#8221;custom&#8221; custom_text_color=&#8221;#ffffff&#8221; animation=&#8221;none&#8221; text=&#8221;Avez-vous des questions?&#8221; font_size=&#8221;xs:30;sm:36;md:36;lg:36&#8243;][tm_spacer size=&#8221;xs:20;sm:20;md:20;lg:20&#8243;][vc_column_text css_animation=&#8221;none&#8221; el_class=&#8221;Body-links&#8221;]Assurez-vous de consulter notre FAQ de paysagiste et de fournisseur pour trouver des r\u00e9ponses aux questions qui nous sont fr\u00e9quemment pos\u00e9es.[\/vc_column_text][tm_spacer size=&#8221;xs:100;sm:150;md:190;lg:150&#8243;][\/vc_column_inner][\/vc_row_inner][\/vc_column][vc_column width=&#8221;1\/12&#8243; lg_spacing=&#8221;padding_left:4&#8243; offset=&#8221;vc_hidden-xs&#8221;][\/vc_column][vc_column width=&#8221;5\/12&#8243; lg_spacing=&#8221;padding_right:40;padding_left:40&#8243; md_spacing=&#8221;padding_right:10;padding_left:10&#8243; sm_spacing=&#8221;padding_right:10;padding_left:10&#8243; xs_spacing=&#8221;padding_right:0;padding_left:0&#8243;][tm_spacer size=&#8221;xs:30;sm:30;md:30;lg:50&#8243;][tm_heading tag=&#8221;h2&#8243; custom_google_font=&#8221;1&#8243; google_fonts=&#8221;font_family:Roboto%3A100%2C100italic%2C300%2C300italic%2Cregular%2Citalic%2C500%2C500italic%2C700%2C700italic%2C900%2C900italic|font_style:700%20bold%20regular%3A700%3Anormal&#8221; font_weight=&#8221;700&#8243; text_color=&#8221;custom&#8221; custom_text_color=&#8221;#000000&#8243; animation=&#8221;none&#8221; text=&#8221;Laissez-nous un message&#8221; font_size=&#8221;xs:30;sm:36;md:36;lg:36&#8243;][tm_spacer size=&#8221;xs:30;sm:30;md:30;lg:50&#8243;][tm_contact_form_7 id=&#8221;706&#8243;][tm_spacer size=&#8221;xs:30;sm:30;md:30;lg:30&#8243;][\/vc_column][vc_column width=&#8221;1\/12&#8243; offset=&#8221;vc_hidden-xs&#8221;][\/vc_column][\/vc_row][vc_row][vc_column][tm_spacer size=&#8221;xs:50;sm:80;md:100;lg:100&#8243;][\/vc_column][\/vc_row]<\/p>\n","protected":false},"author":4,"featured_media":0,"parent":0,"menu_order":0,"comment_status":"closed","ping_status":"closed","template":"","meta":{"_acf_changed":false,"inline_featured_image":false,"footnotes":""},"class_list":["post-472","page","type-page","status-publish","hentry","post-no-thumbnail"],"acf":[],"yoast_head":"<!-- This site is optimized with the Yoast SEO plugin v25.5 - https:\/\/yoast.com\/wordpress\/plugins\/seo\/ -->\n<title>Nous joindre - GoMaterials<\/title>\n<meta name=\"description\" content=\"Avez-vous des questions sur l\u2019approvisionnement de plantes en gros pour le paysagement au Qu\u00e9bec? Notre \u00e9quipe est l\u00e0 pour vous aider! Contactez-nous.\" \/>\n<meta name=\"robots\" content=\"index, follow, max-snippet:-1, max-image-preview:large, max-video-preview:-1\" \/>\n<link rel=\"canonical\" href=\"https:\/\/gomaterials.com\/fr\/nous-joindre\/\" \/>\n<meta property=\"og:locale\" content=\"fr_FR\" \/>\n<meta property=\"og:type\" content=\"article\" \/>\n<meta property=\"og:title\" content=\"Pour nous joindre - GoMaterials\" \/>\n<meta property=\"og:description\" content=\"Vous avez des questions? Nous sommes l\u00e0 pour vous! Simplement nous \u00e9crire ou nous appeler. Votre responsable de compte est toujours \u00e0 votre disposition.\" \/>\n<meta property=\"og:url\" content=\"https:\/\/gomaterials.com\/fr\/nous-joindre\/\" \/>\n<meta property=\"og:site_name\" content=\"Go Materials\" \/>\n<meta property=\"article:modified_time\" content=\"2025-10-15T18:23:49+00:00\" \/>\n<meta property=\"og:image\" content=\"https:\/\/gomaterials.com\/wp-content\/uploads\/2021\/01\/cropped-favicon.jpg\" \/>\n\t<meta property=\"og:image:width\" content=\"512\" \/>\n\t<meta property=\"og:image:height\" content=\"512\" \/>\n\t<meta property=\"og:image:type\" content=\"image\/jpeg\" \/>\n<meta name=\"twitter:card\" content=\"summary_large_image\" \/>\n<meta name=\"twitter:title\" content=\"Pour nous joindre - GoMaterials\" \/>\n<meta name=\"twitter:description\" content=\"Vous avez des questions? Nous sommes l\u00e0 pour vous! Simplement nous \u00e9crire ou nous appeler. Votre responsable de compte est toujours \u00e0 votre disposition.\" \/>\n<meta name=\"twitter:label1\" content=\"Dur\u00e9e de lecture estim\u00e9e\" \/>\n\t<meta name=\"twitter:data1\" content=\"2 minutes\" \/>\n<script type=\"application\/ld+json\" class=\"yoast-schema-graph\">{\"@context\":\"https:\/\/schema.org\",\"@graph\":[{\"@type\":\"WebPage\",\"@id\":\"https:\/\/gomaterials.com\/fr\/nous-joindre\/\",\"url\":\"https:\/\/gomaterials.com\/fr\/nous-joindre\/\",\"name\":\"Nous joindre - GoMaterials\",\"isPartOf\":{\"@id\":\"https:\/\/gomaterials.com\/fr\/#website\"},\"datePublished\":\"2019-08-27T19:22:47+00:00\",\"dateModified\":\"2025-10-15T18:23:49+00:00\",\"description\":\"Avez-vous des questions sur l\u2019approvisionnement de plantes en gros pour le paysagement au Qu\u00e9bec? Notre \u00e9quipe est l\u00e0 pour vous aider! Contactez-nous.\",\"breadcrumb\":{\"@id\":\"https:\/\/gomaterials.com\/fr\/nous-joindre\/#breadcrumb\"},\"inLanguage\":\"fr-FR\",\"potentialAction\":[{\"@type\":\"ReadAction\",\"target\":[\"https:\/\/gomaterials.com\/fr\/nous-joindre\/\"]}]},{\"@type\":\"BreadcrumbList\",\"@id\":\"https:\/\/gomaterials.com\/fr\/nous-joindre\/#breadcrumb\",\"itemListElement\":[{\"@type\":\"ListItem\",\"position\":1,\"name\":\"Home\",\"item\":\"https:\/\/gomaterials.com\/fr\/\"},{\"@type\":\"ListItem\",\"position\":2,\"name\":\"5. Contact Us FR\"}]},{\"@type\":\"WebSite\",\"@id\":\"https:\/\/gomaterials.com\/fr\/#website\",\"url\":\"https:\/\/gomaterials.com\/fr\/\",\"name\":\"Go Materials\",\"description\":\"Just another WordPress site\",\"potentialAction\":[{\"@type\":\"SearchAction\",\"target\":{\"@type\":\"EntryPoint\",\"urlTemplate\":\"https:\/\/gomaterials.com\/fr\/?s={search_term_string}\"},\"query-input\":{\"@type\":\"PropertyValueSpecification\",\"valueRequired\":true,\"valueName\":\"search_term_string\"}}],\"inLanguage\":\"fr-FR\"}]}<\/script>\n<!-- \/ Yoast SEO plugin. -->","yoast_head_json":{"title":"Nous joindre - GoMaterials","description":"Avez-vous des questions sur l\u2019approvisionnement de plantes en gros pour le paysagement au Qu\u00e9bec? Notre \u00e9quipe est l\u00e0 pour vous aider! Contactez-nous.","robots":{"index":"index","follow":"follow","max-snippet":"max-snippet:-1","max-image-preview":"max-image-preview:large","max-video-preview":"max-video-preview:-1"},"canonical":"https:\/\/gomaterials.com\/fr\/nous-joindre\/","og_locale":"fr_FR","og_type":"article","og_title":"Pour nous joindre - GoMaterials","og_description":"Vous avez des questions? Nous sommes l\u00e0 pour vous! Simplement nous \u00e9crire ou nous appeler. Votre responsable de compte est toujours \u00e0 votre disposition.","og_url":"https:\/\/gomaterials.com\/fr\/nous-joindre\/","og_site_name":"Go Materials","article_modified_time":"2025-10-15T18:23:49+00:00","og_image":[{"width":512,"height":512,"url":"https:\/\/gomaterials.com\/wp-content\/uploads\/2021\/01\/cropped-favicon.jpg","type":"image\/jpeg"}],"twitter_card":"summary_large_image","twitter_title":"Pour nous joindre - GoMaterials","twitter_description":"Vous avez des questions? Nous sommes l\u00e0 pour vous! Simplement nous \u00e9crire ou nous appeler. Votre responsable de compte est toujours \u00e0 votre disposition.","twitter_misc":{"Dur\u00e9e de lecture estim\u00e9e":"2 minutes"},"schema":{"@context":"https:\/\/schema.org","@graph":[{"@type":"WebPage","@id":"https:\/\/gomaterials.com\/fr\/nous-joindre\/","url":"https:\/\/gomaterials.com\/fr\/nous-joindre\/","name":"Nous joindre - GoMaterials","isPartOf":{"@id":"https:\/\/gomaterials.com\/fr\/#website"},"datePublished":"2019-08-27T19:22:47+00:00","dateModified":"2025-10-15T18:23:49+00:00","description":"Avez-vous des questions sur l\u2019approvisionnement de plantes en gros pour le paysagement au Qu\u00e9bec? Notre \u00e9quipe est l\u00e0 pour vous aider! Contactez-nous.","breadcrumb":{"@id":"https:\/\/gomaterials.com\/fr\/nous-joindre\/#breadcrumb"},"inLanguage":"fr-FR","potentialAction":[{"@type":"ReadAction","target":["https:\/\/gomaterials.com\/fr\/nous-joindre\/"]}]},{"@type":"BreadcrumbList","@id":"https:\/\/gomaterials.com\/fr\/nous-joindre\/#breadcrumb","itemListElement":[{"@type":"ListItem","position":1,"name":"Home","item":"https:\/\/gomaterials.com\/fr\/"},{"@type":"ListItem","position":2,"name":"5. Contact Us FR"}]},{"@type":"WebSite","@id":"https:\/\/gomaterials.com\/fr\/#website","url":"https:\/\/gomaterials.com\/fr\/","name":"Go Materials","description":"Just another WordPress site","potentialAction":[{"@type":"SearchAction","target":{"@type":"EntryPoint","urlTemplate":"https:\/\/gomaterials.com\/fr\/?s={search_term_string}"},"query-input":{"@type":"PropertyValueSpecification","valueRequired":true,"valueName":"search_term_string"}}],"inLanguage":"fr-FR"}]}},"_links":{"self":[{"href":"https:\/\/gomaterials.com\/fr\/wp-json\/wp\/v2\/pages\/472","targetHints":{"allow":["GET"]}}],"collection":[{"href":"https:\/\/gomaterials.com\/fr\/wp-json\/wp\/v2\/pages"}],"about":[{"href":"https:\/\/gomaterials.com\/fr\/wp-json\/wp\/v2\/types\/page"}],"author":[{"embeddable":true,"href":"https:\/\/gomaterials.com\/fr\/wp-json\/wp\/v2\/users\/4"}],"replies":[{"embeddable":true,"href":"https:\/\/gomaterials.com\/fr\/wp-json\/wp\/v2\/comments?post=472"}],"version-history":[{"count":1,"href":"https:\/\/gomaterials.com\/fr\/wp-json\/wp\/v2\/pages\/472\/revisions"}],"predecessor-version":[{"id":7623,"href":"https:\/\/gomaterials.com\/fr\/wp-json\/wp\/v2\/pages\/472\/revisions\/7623"}],"wp:attachment":[{"href":"https:\/\/gomaterials.com\/fr\/wp-json\/wp\/v2\/media?parent=472"}],"curies":[{"name":"wp","href":"https:\/\/api.w.org\/{rel}","templated":true}]}}