{"id":5008,"date":"2021-09-02T04:46:29","date_gmt":"2021-09-02T09:46:29","guid":{"rendered":"https:\/\/gomaterials.com\/?page_id=5008"},"modified":"2022-06-06T08:39:17","modified_gmt":"2022-06-06T13:39:17","slug":"dossier-de-presse","status":"publish","type":"page","link":"https:\/\/gomaterials.com\/fr\/dossier-de-presse\/","title":{"rendered":"Dossier de presse"},"content":{"rendered":"","protected":false},"excerpt":{"rendered":"","protected":false},"author":9,"featured_media":0,"parent":0,"menu_order":0,"comment_status":"closed","ping_status":"closed","template":"page-press.php","meta":{"_acf_changed":false,"inline_featured_image":false,"footnotes":""},"class_list":["post-5008","page","type-page","status-publish","hentry","post-no-thumbnail"],"acf":[],"yoast_head":"<!-- This site is optimized with the Yoast SEO plugin v25.5 - https:\/\/yoast.com\/wordpress\/plugins\/seo\/ -->\n<title>Articles d&#039;actualit\u00e9 et communiqu\u00e9 de presse - GoMaterials<\/title>\n<meta name=\"description\" content=\"Lisez les derniers communiqu\u00e9s de presse et articles d&#039;actualit\u00e9 concernant notre PME montr\u00e9alais. T\u00e9l\u00e9chargez notre dossier de presse aujourd\u2019hui.\" \/>\n<meta name=\"robots\" content=\"index, follow, max-snippet:-1, max-image-preview:large, max-video-preview:-1\" \/>\n<link rel=\"canonical\" href=\"https:\/\/gomaterials.com\/press\/\" \/>\n<meta property=\"og:locale\" content=\"fr_FR\" \/>\n<meta property=\"og:type\" content=\"article\" \/>\n<meta property=\"og:title\" content=\"Articles d&#039;actualit\u00e9 et communiqu\u00e9 de presse - GoMaterials\" \/>\n<meta property=\"og:description\" content=\"Lisez les derniers communiqu\u00e9s de presse et articles d&#039;actualit\u00e9 concernant notre PME montr\u00e9alais. T\u00e9l\u00e9chargez notre dossier de presse aujourd\u2019hui.\" \/>\n<meta property=\"og:url\" content=\"https:\/\/gomaterials.com\/press\/\" \/>\n<meta property=\"og:site_name\" content=\"Go Materials\" \/>\n<meta property=\"article:modified_time\" content=\"2022-06-06T13:39:17+00:00\" \/>\n<meta property=\"og:image\" content=\"https:\/\/gomaterials.com\/wp-content\/uploads\/2021\/01\/cropped-favicon.jpg\" \/>\n\t<meta property=\"og:image:width\" content=\"512\" \/>\n\t<meta property=\"og:image:height\" content=\"512\" \/>\n\t<meta property=\"og:image:type\" content=\"image\/jpeg\" \/>\n<meta name=\"twitter:card\" content=\"summary_large_image\" \/>\n<script type=\"application\/ld+json\" class=\"yoast-schema-graph\">{\"@context\":\"https:\/\/schema.org\",\"@graph\":[{\"@type\":\"WebPage\",\"@id\":\"https:\/\/gomaterials.com\/press\/\",\"url\":\"https:\/\/gomaterials.com\/press\/\",\"name\":\"Articles d'actualit\u00e9 et communiqu\u00e9 de presse - GoMaterials\",\"isPartOf\":{\"@id\":\"https:\/\/gomaterials.com\/fr\/#website\"},\"datePublished\":\"2021-09-02T09:46:29+00:00\",\"dateModified\":\"2022-06-06T13:39:17+00:00\",\"description\":\"Lisez les derniers communiqu\u00e9s de presse et articles d'actualit\u00e9 concernant notre PME montr\u00e9alais. T\u00e9l\u00e9chargez notre dossier de presse aujourd\u2019hui.\",\"breadcrumb\":{\"@id\":\"https:\/\/gomaterials.com\/press\/#breadcrumb\"},\"inLanguage\":\"fr-FR\",\"potentialAction\":[{\"@type\":\"ReadAction\",\"target\":[\"https:\/\/gomaterials.com\/press\/\"]}]},{\"@type\":\"BreadcrumbList\",\"@id\":\"https:\/\/gomaterials.com\/press\/#breadcrumb\",\"itemListElement\":[{\"@type\":\"ListItem\",\"position\":1,\"name\":\"Home\",\"item\":\"https:\/\/gomaterials.com\/fr\/\"},{\"@type\":\"ListItem\",\"position\":2,\"name\":\"Dossier de presse\"}]},{\"@type\":\"WebSite\",\"@id\":\"https:\/\/gomaterials.com\/fr\/#website\",\"url\":\"https:\/\/gomaterials.com\/fr\/\",\"name\":\"Go Materials\",\"description\":\"Just another WordPress site\",\"potentialAction\":[{\"@type\":\"SearchAction\",\"target\":{\"@type\":\"EntryPoint\",\"urlTemplate\":\"https:\/\/gomaterials.com\/fr\/?s={search_term_string}\"},\"query-input\":{\"@type\":\"PropertyValueSpecification\",\"valueRequired\":true,\"valueName\":\"search_term_string\"}}],\"inLanguage\":\"fr-FR\"}]}<\/script>\n<!-- \/ Yoast SEO plugin. -->","yoast_head_json":{"title":"Articles d'actualit\u00e9 et communiqu\u00e9 de presse - GoMaterials","description":"Lisez les derniers communiqu\u00e9s de presse et articles d'actualit\u00e9 concernant notre PME montr\u00e9alais. T\u00e9l\u00e9chargez notre dossier de presse aujourd\u2019hui.","robots":{"index":"index","follow":"follow","max-snippet":"max-snippet:-1","max-image-preview":"max-image-preview:large","max-video-preview":"max-video-preview:-1"},"canonical":"https:\/\/gomaterials.com\/press\/","og_locale":"fr_FR","og_type":"article","og_title":"Articles d'actualit\u00e9 et communiqu\u00e9 de presse - GoMaterials","og_description":"Lisez les derniers communiqu\u00e9s de presse et articles d'actualit\u00e9 concernant notre PME montr\u00e9alais. T\u00e9l\u00e9chargez notre dossier de presse aujourd\u2019hui.","og_url":"https:\/\/gomaterials.com\/press\/","og_site_name":"Go Materials","article_modified_time":"2022-06-06T13:39:17+00:00","og_image":[{"width":512,"height":512,"url":"https:\/\/gomaterials.com\/wp-content\/uploads\/2021\/01\/cropped-favicon.jpg","type":"image\/jpeg"}],"twitter_card":"summary_large_image","schema":{"@context":"https:\/\/schema.org","@graph":[{"@type":"WebPage","@id":"https:\/\/gomaterials.com\/press\/","url":"https:\/\/gomaterials.com\/press\/","name":"Articles d'actualit\u00e9 et communiqu\u00e9 de presse - GoMaterials","isPartOf":{"@id":"https:\/\/gomaterials.com\/fr\/#website"},"datePublished":"2021-09-02T09:46:29+00:00","dateModified":"2022-06-06T13:39:17+00:00","description":"Lisez les derniers communiqu\u00e9s de presse et articles d'actualit\u00e9 concernant notre PME montr\u00e9alais. T\u00e9l\u00e9chargez notre dossier de presse aujourd\u2019hui.","breadcrumb":{"@id":"https:\/\/gomaterials.com\/press\/#breadcrumb"},"inLanguage":"fr-FR","potentialAction":[{"@type":"ReadAction","target":["https:\/\/gomaterials.com\/press\/"]}]},{"@type":"BreadcrumbList","@id":"https:\/\/gomaterials.com\/press\/#breadcrumb","itemListElement":[{"@type":"ListItem","position":1,"name":"Home","item":"https:\/\/gomaterials.com\/fr\/"},{"@type":"ListItem","position":2,"name":"Dossier de presse"}]},{"@type":"WebSite","@id":"https:\/\/gomaterials.com\/fr\/#website","url":"https:\/\/gomaterials.com\/fr\/","name":"Go Materials","description":"Just another WordPress site","potentialAction":[{"@type":"SearchAction","target":{"@type":"EntryPoint","urlTemplate":"https:\/\/gomaterials.com\/fr\/?s={search_term_string}"},"query-input":{"@type":"PropertyValueSpecification","valueRequired":true,"valueName":"search_term_string"}}],"inLanguage":"fr-FR"}]}},"_links":{"self":[{"href":"https:\/\/gomaterials.com\/fr\/wp-json\/wp\/v2\/pages\/5008","targetHints":{"allow":["GET"]}}],"collection":[{"href":"https:\/\/gomaterials.com\/fr\/wp-json\/wp\/v2\/pages"}],"about":[{"href":"https:\/\/gomaterials.com\/fr\/wp-json\/wp\/v2\/types\/page"}],"author":[{"embeddable":true,"href":"https:\/\/gomaterials.com\/fr\/wp-json\/wp\/v2\/users\/9"}],"replies":[{"embeddable":true,"href":"https:\/\/gomaterials.com\/fr\/wp-json\/wp\/v2\/comments?post=5008"}],"version-history":[{"count":0,"href":"https:\/\/gomaterials.com\/fr\/wp-json\/wp\/v2\/pages\/5008\/revisions"}],"wp:attachment":[{"href":"https:\/\/gomaterials.com\/fr\/wp-json\/wp\/v2\/media?parent=5008"}],"curies":[{"name":"wp","href":"https:\/\/api.w.org\/{rel}","templated":true}]}}