{"id":6252,"date":"2022-05-11T04:13:43","date_gmt":"2022-05-11T09:13:43","guid":{"rendered":"https:\/\/gomaterials.com\/?page_id=6252"},"modified":"2025-08-18T09:26:24","modified_gmt":"2025-08-18T14:26:24","slug":"etude-de-cas-pine-lake","status":"publish","type":"page","link":"https:\/\/gomaterials.com\/fr\/etude-de-cas-pine-lake\/","title":{"rendered":"case study pine lake"},"content":{"rendered":"","protected":false},"excerpt":{"rendered":"","protected":false},"author":17,"featured_media":6218,"parent":0,"menu_order":0,"comment_status":"closed","ping_status":"closed","template":"case-study-pine-lack-fr.php","meta":{"_acf_changed":false,"inline_featured_image":false,"footnotes":""},"class_list":["post-6252","page","type-page","status-publish","has-post-thumbnail","hentry"],"acf":[],"yoast_head":"<!-- This site is optimized with the Yoast SEO plugin v25.5 - https:\/\/yoast.com\/wordpress\/plugins\/seo\/ -->\n<title>\u00c9tude de cas | Approvisionnement de plantes dans la Floride<\/title>\n<meta name=\"description\" content=\"D\u00e9couvrez comment GoMaterials a aid\u00e9 Pine Lake Nursery &amp; Landscape \u00e0 d\u00e9velopper leur entreprise en optimisant l&#039;approvisionnement en plantes.\" \/>\n<meta name=\"robots\" content=\"index, follow, max-snippet:-1, max-image-preview:large, max-video-preview:-1\" \/>\n<link rel=\"canonical\" href=\"https:\/\/gomaterials.com\/fr\/etude-de-cas-pine-lake\/\" \/>\n<meta property=\"og:locale\" content=\"fr_FR\" \/>\n<meta property=\"og:type\" content=\"article\" \/>\n<meta property=\"og:title\" content=\"\u00c9tude de cas | Approvisionnement de plantes dans la Floride\" \/>\n<meta property=\"og:description\" content=\"D\u00e9couvrez comment GoMaterials a aid\u00e9 Pine Lake Nursery &amp; Landscape \u00e0 d\u00e9velopper leur entreprise en optimisant l&#039;approvisionnement en plantes.\" \/>\n<meta property=\"og:url\" content=\"https:\/\/gomaterials.com\/fr\/etude-de-cas-pine-lake\/\" \/>\n<meta property=\"og:site_name\" content=\"Go Materials\" \/>\n<meta property=\"article:modified_time\" content=\"2025-08-18T14:26:24+00:00\" \/>\n<meta property=\"og:image\" content=\"https:\/\/gomaterials.com\/wp-content\/uploads\/2022\/05\/bostan-florin-catalin-VyzUi1PjJd0-unsplash@2x.jpg\" \/>\n\t<meta property=\"og:image:width\" content=\"966\" \/>\n\t<meta property=\"og:image:height\" content=\"626\" \/>\n\t<meta property=\"og:image:type\" content=\"image\/jpeg\" \/>\n<meta name=\"twitter:card\" content=\"summary_large_image\" \/>\n<meta name=\"twitter:label1\" content=\"Dur\u00e9e de lecture estim\u00e9e\" \/>\n\t<meta name=\"twitter:data1\" content=\"1 minute\" \/>\n<script type=\"application\/ld+json\" class=\"yoast-schema-graph\">{\"@context\":\"https:\/\/schema.org\",\"@graph\":[{\"@type\":\"WebPage\",\"@id\":\"https:\/\/gomaterials.com\/fr\/etude-de-cas-pine-lake\/\",\"url\":\"https:\/\/gomaterials.com\/fr\/etude-de-cas-pine-lake\/\",\"name\":\"\u00c9tude de cas | Approvisionnement de plantes dans la Floride\",\"isPartOf\":{\"@id\":\"https:\/\/gomaterials.com\/fr\/#website\"},\"primaryImageOfPage\":{\"@id\":\"https:\/\/gomaterials.com\/fr\/etude-de-cas-pine-lake\/#primaryimage\"},\"image\":{\"@id\":\"https:\/\/gomaterials.com\/fr\/etude-de-cas-pine-lake\/#primaryimage\"},\"thumbnailUrl\":\"https:\/\/gomaterials.com\/wp-content\/uploads\/2022\/05\/bostan-florin-catalin-VyzUi1PjJd0-unsplash@2x.jpg\",\"datePublished\":\"2022-05-11T09:13:43+00:00\",\"dateModified\":\"2025-08-18T14:26:24+00:00\",\"description\":\"D\u00e9couvrez comment GoMaterials a aid\u00e9 Pine Lake Nursery & Landscape \u00e0 d\u00e9velopper leur entreprise en optimisant l'approvisionnement en plantes.\",\"breadcrumb\":{\"@id\":\"https:\/\/gomaterials.com\/fr\/etude-de-cas-pine-lake\/#breadcrumb\"},\"inLanguage\":\"fr-FR\",\"potentialAction\":[{\"@type\":\"ReadAction\",\"target\":[\"https:\/\/gomaterials.com\/fr\/etude-de-cas-pine-lake\/\"]}]},{\"@type\":\"ImageObject\",\"inLanguage\":\"fr-FR\",\"@id\":\"https:\/\/gomaterials.com\/fr\/etude-de-cas-pine-lake\/#primaryimage\",\"url\":\"https:\/\/gomaterials.com\/wp-content\/uploads\/2022\/05\/bostan-florin-catalin-VyzUi1PjJd0-unsplash@2x.jpg\",\"contentUrl\":\"https:\/\/gomaterials.com\/wp-content\/uploads\/2022\/05\/bostan-florin-catalin-VyzUi1PjJd0-unsplash@2x.jpg\",\"width\":966,\"height\":626},{\"@type\":\"BreadcrumbList\",\"@id\":\"https:\/\/gomaterials.com\/fr\/etude-de-cas-pine-lake\/#breadcrumb\",\"itemListElement\":[{\"@type\":\"ListItem\",\"position\":1,\"name\":\"Home\",\"item\":\"https:\/\/gomaterials.com\/fr\/\"},{\"@type\":\"ListItem\",\"position\":2,\"name\":\"case study pine lake\"}]},{\"@type\":\"WebSite\",\"@id\":\"https:\/\/gomaterials.com\/fr\/#website\",\"url\":\"https:\/\/gomaterials.com\/fr\/\",\"name\":\"Go Materials\",\"description\":\"Just another WordPress site\",\"potentialAction\":[{\"@type\":\"SearchAction\",\"target\":{\"@type\":\"EntryPoint\",\"urlTemplate\":\"https:\/\/gomaterials.com\/fr\/?s={search_term_string}\"},\"query-input\":{\"@type\":\"PropertyValueSpecification\",\"valueRequired\":true,\"valueName\":\"search_term_string\"}}],\"inLanguage\":\"fr-FR\"}]}<\/script>\n<!-- \/ Yoast SEO plugin. -->","yoast_head_json":{"title":"\u00c9tude de cas | Approvisionnement de plantes dans la Floride","description":"D\u00e9couvrez comment GoMaterials a aid\u00e9 Pine Lake Nursery & Landscape \u00e0 d\u00e9velopper leur entreprise en optimisant l'approvisionnement en plantes.","robots":{"index":"index","follow":"follow","max-snippet":"max-snippet:-1","max-image-preview":"max-image-preview:large","max-video-preview":"max-video-preview:-1"},"canonical":"https:\/\/gomaterials.com\/fr\/etude-de-cas-pine-lake\/","og_locale":"fr_FR","og_type":"article","og_title":"\u00c9tude de cas | Approvisionnement de plantes dans la Floride","og_description":"D\u00e9couvrez comment GoMaterials a aid\u00e9 Pine Lake Nursery & Landscape \u00e0 d\u00e9velopper leur entreprise en optimisant l'approvisionnement en plantes.","og_url":"https:\/\/gomaterials.com\/fr\/etude-de-cas-pine-lake\/","og_site_name":"Go Materials","article_modified_time":"2025-08-18T14:26:24+00:00","og_image":[{"width":966,"height":626,"url":"https:\/\/gomaterials.com\/wp-content\/uploads\/2022\/05\/bostan-florin-catalin-VyzUi1PjJd0-unsplash@2x.jpg","type":"image\/jpeg"}],"twitter_card":"summary_large_image","twitter_misc":{"Dur\u00e9e de lecture estim\u00e9e":"1 minute"},"schema":{"@context":"https:\/\/schema.org","@graph":[{"@type":"WebPage","@id":"https:\/\/gomaterials.com\/fr\/etude-de-cas-pine-lake\/","url":"https:\/\/gomaterials.com\/fr\/etude-de-cas-pine-lake\/","name":"\u00c9tude de cas | Approvisionnement de plantes dans la Floride","isPartOf":{"@id":"https:\/\/gomaterials.com\/fr\/#website"},"primaryImageOfPage":{"@id":"https:\/\/gomaterials.com\/fr\/etude-de-cas-pine-lake\/#primaryimage"},"image":{"@id":"https:\/\/gomaterials.com\/fr\/etude-de-cas-pine-lake\/#primaryimage"},"thumbnailUrl":"https:\/\/gomaterials.com\/wp-content\/uploads\/2022\/05\/bostan-florin-catalin-VyzUi1PjJd0-unsplash@2x.jpg","datePublished":"2022-05-11T09:13:43+00:00","dateModified":"2025-08-18T14:26:24+00:00","description":"D\u00e9couvrez comment GoMaterials a aid\u00e9 Pine Lake Nursery & Landscape \u00e0 d\u00e9velopper leur entreprise en optimisant l'approvisionnement en plantes.","breadcrumb":{"@id":"https:\/\/gomaterials.com\/fr\/etude-de-cas-pine-lake\/#breadcrumb"},"inLanguage":"fr-FR","potentialAction":[{"@type":"ReadAction","target":["https:\/\/gomaterials.com\/fr\/etude-de-cas-pine-lake\/"]}]},{"@type":"ImageObject","inLanguage":"fr-FR","@id":"https:\/\/gomaterials.com\/fr\/etude-de-cas-pine-lake\/#primaryimage","url":"https:\/\/gomaterials.com\/wp-content\/uploads\/2022\/05\/bostan-florin-catalin-VyzUi1PjJd0-unsplash@2x.jpg","contentUrl":"https:\/\/gomaterials.com\/wp-content\/uploads\/2022\/05\/bostan-florin-catalin-VyzUi1PjJd0-unsplash@2x.jpg","width":966,"height":626},{"@type":"BreadcrumbList","@id":"https:\/\/gomaterials.com\/fr\/etude-de-cas-pine-lake\/#breadcrumb","itemListElement":[{"@type":"ListItem","position":1,"name":"Home","item":"https:\/\/gomaterials.com\/fr\/"},{"@type":"ListItem","position":2,"name":"case study pine lake"}]},{"@type":"WebSite","@id":"https:\/\/gomaterials.com\/fr\/#website","url":"https:\/\/gomaterials.com\/fr\/","name":"Go Materials","description":"Just another WordPress site","potentialAction":[{"@type":"SearchAction","target":{"@type":"EntryPoint","urlTemplate":"https:\/\/gomaterials.com\/fr\/?s={search_term_string}"},"query-input":{"@type":"PropertyValueSpecification","valueRequired":true,"valueName":"search_term_string"}}],"inLanguage":"fr-FR"}]}},"_links":{"self":[{"href":"https:\/\/gomaterials.com\/fr\/wp-json\/wp\/v2\/pages\/6252","targetHints":{"allow":["GET"]}}],"collection":[{"href":"https:\/\/gomaterials.com\/fr\/wp-json\/wp\/v2\/pages"}],"about":[{"href":"https:\/\/gomaterials.com\/fr\/wp-json\/wp\/v2\/types\/page"}],"author":[{"embeddable":true,"href":"https:\/\/gomaterials.com\/fr\/wp-json\/wp\/v2\/users\/17"}],"replies":[{"embeddable":true,"href":"https:\/\/gomaterials.com\/fr\/wp-json\/wp\/v2\/comments?post=6252"}],"version-history":[{"count":1,"href":"https:\/\/gomaterials.com\/fr\/wp-json\/wp\/v2\/pages\/6252\/revisions"}],"predecessor-version":[{"id":7609,"href":"https:\/\/gomaterials.com\/fr\/wp-json\/wp\/v2\/pages\/6252\/revisions\/7609"}],"wp:featuredmedia":[{"embeddable":true,"href":"https:\/\/gomaterials.com\/fr\/wp-json\/wp\/v2\/media\/6218"}],"wp:attachment":[{"href":"https:\/\/gomaterials.com\/fr\/wp-json\/wp\/v2\/media?parent=6252"}],"curies":[{"name":"wp","href":"https:\/\/api.w.org\/{rel}","templated":true}]}}