{"id":6254,"date":"2022-05-11T04:28:41","date_gmt":"2022-05-11T09:28:41","guid":{"rendered":"https:\/\/gomaterials.com\/?page_id=6254"},"modified":"2022-06-09T17:42:21","modified_gmt":"2022-06-09T22:42:21","slug":"etude-de-cas-mccarey","status":"publish","type":"page","link":"https:\/\/gomaterials.com\/fr\/etude-de-cas-mccarey\/","title":{"rendered":"case study mccarey"},"content":{"rendered":"","protected":false},"excerpt":{"rendered":"","protected":false},"author":17,"featured_media":6220,"parent":0,"menu_order":0,"comment_status":"closed","ping_status":"closed","template":"case-study-mccarey-fr.php","meta":{"_acf_changed":false,"inline_featured_image":false,"footnotes":""},"class_list":["post-6254","page","type-page","status-publish","has-post-thumbnail","hentry"],"acf":[],"yoast_head":"<!-- This site is optimized with the Yoast SEO plugin v25.5 - https:\/\/yoast.com\/wordpress\/plugins\/seo\/ -->\n<title>\u00c9tude de cas | Planification pour l\u2019am\u00e9nagement paysager<\/title>\n<meta name=\"description\" content=\"D\u00e9couvrez comment GoMaterials a aid\u00e9 McCarey Landscaping \u00e0 am\u00e9liorer leur calendrier de travail en optimisant l\u2019approvisionnement en plantes.\" \/>\n<meta name=\"robots\" content=\"index, follow, max-snippet:-1, max-image-preview:large, max-video-preview:-1\" \/>\n<link rel=\"canonical\" href=\"https:\/\/gomaterials.com\/case-study-mccarey\/\" \/>\n<meta property=\"og:locale\" content=\"fr_FR\" \/>\n<meta property=\"og:type\" content=\"article\" \/>\n<meta property=\"og:title\" content=\"\u00c9tude de cas | Planification pour l\u2019am\u00e9nagement paysager\" \/>\n<meta property=\"og:description\" content=\"D\u00e9couvrez comment GoMaterials a aid\u00e9 McCarey Landscaping \u00e0 am\u00e9liorer leur calendrier de travail en optimisant l\u2019approvisionnement en plantes.\" \/>\n<meta property=\"og:url\" content=\"https:\/\/gomaterials.com\/case-study-mccarey\/\" \/>\n<meta property=\"og:site_name\" content=\"Go Materials\" \/>\n<meta property=\"article:modified_time\" content=\"2022-06-09T22:42:21+00:00\" \/>\n<meta property=\"og:image\" content=\"https:\/\/gomaterials.com\/wp-content\/uploads\/2022\/05\/linda-gerbec-lRpufnA0S3A-unsplash@2x.jpg\" \/>\n\t<meta property=\"og:image:width\" content=\"966\" \/>\n\t<meta property=\"og:image:height\" content=\"626\" \/>\n\t<meta property=\"og:image:type\" content=\"image\/jpeg\" \/>\n<meta name=\"twitter:card\" content=\"summary_large_image\" \/>\n<script type=\"application\/ld+json\" class=\"yoast-schema-graph\">{\"@context\":\"https:\/\/schema.org\",\"@graph\":[{\"@type\":\"WebPage\",\"@id\":\"https:\/\/gomaterials.com\/case-study-mccarey\/\",\"url\":\"https:\/\/gomaterials.com\/case-study-mccarey\/\",\"name\":\"\u00c9tude de cas | Planification pour l\u2019am\u00e9nagement paysager\",\"isPartOf\":{\"@id\":\"https:\/\/gomaterials.com\/fr\/#website\"},\"primaryImageOfPage\":{\"@id\":\"https:\/\/gomaterials.com\/case-study-mccarey\/#primaryimage\"},\"image\":{\"@id\":\"https:\/\/gomaterials.com\/case-study-mccarey\/#primaryimage\"},\"thumbnailUrl\":\"https:\/\/gomaterials.com\/wp-content\/uploads\/2022\/05\/linda-gerbec-lRpufnA0S3A-unsplash@2x.jpg\",\"datePublished\":\"2022-05-11T09:28:41+00:00\",\"dateModified\":\"2022-06-09T22:42:21+00:00\",\"description\":\"D\u00e9couvrez comment GoMaterials a aid\u00e9 McCarey Landscaping \u00e0 am\u00e9liorer leur calendrier de travail en optimisant l\u2019approvisionnement en plantes.\",\"breadcrumb\":{\"@id\":\"https:\/\/gomaterials.com\/case-study-mccarey\/#breadcrumb\"},\"inLanguage\":\"fr-FR\",\"potentialAction\":[{\"@type\":\"ReadAction\",\"target\":[\"https:\/\/gomaterials.com\/case-study-mccarey\/\"]}]},{\"@type\":\"ImageObject\",\"inLanguage\":\"fr-FR\",\"@id\":\"https:\/\/gomaterials.com\/case-study-mccarey\/#primaryimage\",\"url\":\"https:\/\/gomaterials.com\/wp-content\/uploads\/2022\/05\/linda-gerbec-lRpufnA0S3A-unsplash@2x.jpg\",\"contentUrl\":\"https:\/\/gomaterials.com\/wp-content\/uploads\/2022\/05\/linda-gerbec-lRpufnA0S3A-unsplash@2x.jpg\",\"width\":966,\"height\":626},{\"@type\":\"BreadcrumbList\",\"@id\":\"https:\/\/gomaterials.com\/case-study-mccarey\/#breadcrumb\",\"itemListElement\":[{\"@type\":\"ListItem\",\"position\":1,\"name\":\"Home\",\"item\":\"https:\/\/gomaterials.com\/fr\/\"},{\"@type\":\"ListItem\",\"position\":2,\"name\":\"case study mccarey\"}]},{\"@type\":\"WebSite\",\"@id\":\"https:\/\/gomaterials.com\/fr\/#website\",\"url\":\"https:\/\/gomaterials.com\/fr\/\",\"name\":\"Go Materials\",\"description\":\"Just another WordPress site\",\"potentialAction\":[{\"@type\":\"SearchAction\",\"target\":{\"@type\":\"EntryPoint\",\"urlTemplate\":\"https:\/\/gomaterials.com\/fr\/?s={search_term_string}\"},\"query-input\":{\"@type\":\"PropertyValueSpecification\",\"valueRequired\":true,\"valueName\":\"search_term_string\"}}],\"inLanguage\":\"fr-FR\"}]}<\/script>\n<!-- \/ Yoast SEO plugin. -->","yoast_head_json":{"title":"\u00c9tude de cas | Planification pour l\u2019am\u00e9nagement paysager","description":"D\u00e9couvrez comment GoMaterials a aid\u00e9 McCarey Landscaping \u00e0 am\u00e9liorer leur calendrier de travail en optimisant l\u2019approvisionnement en plantes.","robots":{"index":"index","follow":"follow","max-snippet":"max-snippet:-1","max-image-preview":"max-image-preview:large","max-video-preview":"max-video-preview:-1"},"canonical":"https:\/\/gomaterials.com\/case-study-mccarey\/","og_locale":"fr_FR","og_type":"article","og_title":"\u00c9tude de cas | Planification pour l\u2019am\u00e9nagement paysager","og_description":"D\u00e9couvrez comment GoMaterials a aid\u00e9 McCarey Landscaping \u00e0 am\u00e9liorer leur calendrier de travail en optimisant l\u2019approvisionnement en plantes.","og_url":"https:\/\/gomaterials.com\/case-study-mccarey\/","og_site_name":"Go Materials","article_modified_time":"2022-06-09T22:42:21+00:00","og_image":[{"width":966,"height":626,"url":"https:\/\/gomaterials.com\/wp-content\/uploads\/2022\/05\/linda-gerbec-lRpufnA0S3A-unsplash@2x.jpg","type":"image\/jpeg"}],"twitter_card":"summary_large_image","schema":{"@context":"https:\/\/schema.org","@graph":[{"@type":"WebPage","@id":"https:\/\/gomaterials.com\/case-study-mccarey\/","url":"https:\/\/gomaterials.com\/case-study-mccarey\/","name":"\u00c9tude de cas | Planification pour l\u2019am\u00e9nagement paysager","isPartOf":{"@id":"https:\/\/gomaterials.com\/fr\/#website"},"primaryImageOfPage":{"@id":"https:\/\/gomaterials.com\/case-study-mccarey\/#primaryimage"},"image":{"@id":"https:\/\/gomaterials.com\/case-study-mccarey\/#primaryimage"},"thumbnailUrl":"https:\/\/gomaterials.com\/wp-content\/uploads\/2022\/05\/linda-gerbec-lRpufnA0S3A-unsplash@2x.jpg","datePublished":"2022-05-11T09:28:41+00:00","dateModified":"2022-06-09T22:42:21+00:00","description":"D\u00e9couvrez comment GoMaterials a aid\u00e9 McCarey Landscaping \u00e0 am\u00e9liorer leur calendrier de travail en optimisant l\u2019approvisionnement en plantes.","breadcrumb":{"@id":"https:\/\/gomaterials.com\/case-study-mccarey\/#breadcrumb"},"inLanguage":"fr-FR","potentialAction":[{"@type":"ReadAction","target":["https:\/\/gomaterials.com\/case-study-mccarey\/"]}]},{"@type":"ImageObject","inLanguage":"fr-FR","@id":"https:\/\/gomaterials.com\/case-study-mccarey\/#primaryimage","url":"https:\/\/gomaterials.com\/wp-content\/uploads\/2022\/05\/linda-gerbec-lRpufnA0S3A-unsplash@2x.jpg","contentUrl":"https:\/\/gomaterials.com\/wp-content\/uploads\/2022\/05\/linda-gerbec-lRpufnA0S3A-unsplash@2x.jpg","width":966,"height":626},{"@type":"BreadcrumbList","@id":"https:\/\/gomaterials.com\/case-study-mccarey\/#breadcrumb","itemListElement":[{"@type":"ListItem","position":1,"name":"Home","item":"https:\/\/gomaterials.com\/fr\/"},{"@type":"ListItem","position":2,"name":"case study mccarey"}]},{"@type":"WebSite","@id":"https:\/\/gomaterials.com\/fr\/#website","url":"https:\/\/gomaterials.com\/fr\/","name":"Go Materials","description":"Just another WordPress site","potentialAction":[{"@type":"SearchAction","target":{"@type":"EntryPoint","urlTemplate":"https:\/\/gomaterials.com\/fr\/?s={search_term_string}"},"query-input":{"@type":"PropertyValueSpecification","valueRequired":true,"valueName":"search_term_string"}}],"inLanguage":"fr-FR"}]}},"_links":{"self":[{"href":"https:\/\/gomaterials.com\/fr\/wp-json\/wp\/v2\/pages\/6254","targetHints":{"allow":["GET"]}}],"collection":[{"href":"https:\/\/gomaterials.com\/fr\/wp-json\/wp\/v2\/pages"}],"about":[{"href":"https:\/\/gomaterials.com\/fr\/wp-json\/wp\/v2\/types\/page"}],"author":[{"embeddable":true,"href":"https:\/\/gomaterials.com\/fr\/wp-json\/wp\/v2\/users\/17"}],"replies":[{"embeddable":true,"href":"https:\/\/gomaterials.com\/fr\/wp-json\/wp\/v2\/comments?post=6254"}],"version-history":[{"count":0,"href":"https:\/\/gomaterials.com\/fr\/wp-json\/wp\/v2\/pages\/6254\/revisions"}],"wp:featuredmedia":[{"embeddable":true,"href":"https:\/\/gomaterials.com\/fr\/wp-json\/wp\/v2\/media\/6220"}],"wp:attachment":[{"href":"https:\/\/gomaterials.com\/fr\/wp-json\/wp\/v2\/media?parent=6254"}],"curies":[{"name":"wp","href":"https:\/\/api.w.org\/{rel}","templated":true}]}}