{"id":6261,"date":"2022-05-11T05:03:43","date_gmt":"2022-05-11T10:03:43","guid":{"rendered":"https:\/\/gomaterials.com\/?page_id=6261"},"modified":"2025-08-18T10:18:12","modified_gmt":"2025-08-18T15:18:12","slug":"etude-de-cas-strathmore","status":"publish","type":"page","link":"https:\/\/gomaterials.com\/fr\/etude-de-cas-strathmore\/","title":{"rendered":"case study strathmore"},"content":{"rendered":"","protected":false},"excerpt":{"rendered":"","protected":false},"author":17,"featured_media":6222,"parent":0,"menu_order":0,"comment_status":"closed","ping_status":"closed","template":"case-study-strathmore-fr.php","meta":{"_acf_changed":false,"inline_featured_image":false,"footnotes":""},"class_list":["post-6261","page","type-page","status-publish","has-post-thumbnail","hentry"],"acf":[],"yoast_head":"<!-- This site is optimized with the Yoast SEO plugin v25.5 - https:\/\/yoast.com\/wordpress\/plugins\/seo\/ -->\n<title>\u00c9tude de cas | Approvisionnement en arbres rares au Qu\u00e9bec<\/title>\n<meta name=\"description\" content=\"D\u00e9couvrez comment GoMaterials a aid\u00e9 Strathmore Commercial Landscape Management \u00e0 trouver une grande quantit\u00e9 d\u2019arbres rares pour un projet au Qu\u00e9bec.\" \/>\n<meta name=\"robots\" content=\"index, follow, max-snippet:-1, max-image-preview:large, max-video-preview:-1\" \/>\n<link rel=\"canonical\" href=\"https:\/\/gomaterials.com\/fr\/etude-de-cas-strathmore\/\" \/>\n<meta property=\"og:locale\" content=\"fr_FR\" \/>\n<meta property=\"og:type\" content=\"article\" \/>\n<meta property=\"og:title\" content=\"\u00c9tude de cas | Approvisionnement en arbres rares au Qu\u00e9bec\" \/>\n<meta property=\"og:description\" content=\"D\u00e9couvrez comment GoMaterials a aid\u00e9 Strathmore Commercial Landscape Management \u00e0 trouver une grande quantit\u00e9 d\u2019arbres rares pour un projet au Qu\u00e9bec.\" \/>\n<meta property=\"og:url\" content=\"https:\/\/gomaterials.com\/fr\/etude-de-cas-strathmore\/\" \/>\n<meta property=\"og:site_name\" content=\"Go Materials\" \/>\n<meta property=\"article:modified_time\" content=\"2025-08-18T15:18:12+00:00\" \/>\n<meta property=\"og:image\" content=\"https:\/\/gomaterials.com\/wp-content\/uploads\/2022\/05\/pexels-eva-elijas-6270323@2x.jpg\" \/>\n\t<meta property=\"og:image:width\" content=\"966\" \/>\n\t<meta property=\"og:image:height\" content=\"626\" \/>\n\t<meta property=\"og:image:type\" content=\"image\/jpeg\" \/>\n<meta name=\"twitter:card\" content=\"summary_large_image\" \/>\n<meta name=\"twitter:label1\" content=\"Dur\u00e9e de lecture estim\u00e9e\" \/>\n\t<meta name=\"twitter:data1\" content=\"1 minute\" \/>\n<script type=\"application\/ld+json\" class=\"yoast-schema-graph\">{\"@context\":\"https:\/\/schema.org\",\"@graph\":[{\"@type\":\"WebPage\",\"@id\":\"https:\/\/gomaterials.com\/fr\/etude-de-cas-strathmore\/\",\"url\":\"https:\/\/gomaterials.com\/fr\/etude-de-cas-strathmore\/\",\"name\":\"\u00c9tude de cas | Approvisionnement en arbres rares au Qu\u00e9bec\",\"isPartOf\":{\"@id\":\"https:\/\/gomaterials.com\/fr\/#website\"},\"primaryImageOfPage\":{\"@id\":\"https:\/\/gomaterials.com\/fr\/etude-de-cas-strathmore\/#primaryimage\"},\"image\":{\"@id\":\"https:\/\/gomaterials.com\/fr\/etude-de-cas-strathmore\/#primaryimage\"},\"thumbnailUrl\":\"https:\/\/gomaterials.com\/wp-content\/uploads\/2022\/05\/pexels-eva-elijas-6270323@2x.jpg\",\"datePublished\":\"2022-05-11T10:03:43+00:00\",\"dateModified\":\"2025-08-18T15:18:12+00:00\",\"description\":\"D\u00e9couvrez comment GoMaterials a aid\u00e9 Strathmore Commercial Landscape Management \u00e0 trouver une grande quantit\u00e9 d\u2019arbres rares pour un projet au Qu\u00e9bec.\",\"breadcrumb\":{\"@id\":\"https:\/\/gomaterials.com\/fr\/etude-de-cas-strathmore\/#breadcrumb\"},\"inLanguage\":\"fr-FR\",\"potentialAction\":[{\"@type\":\"ReadAction\",\"target\":[\"https:\/\/gomaterials.com\/fr\/etude-de-cas-strathmore\/\"]}]},{\"@type\":\"ImageObject\",\"inLanguage\":\"fr-FR\",\"@id\":\"https:\/\/gomaterials.com\/fr\/etude-de-cas-strathmore\/#primaryimage\",\"url\":\"https:\/\/gomaterials.com\/wp-content\/uploads\/2022\/05\/pexels-eva-elijas-6270323@2x.jpg\",\"contentUrl\":\"https:\/\/gomaterials.com\/wp-content\/uploads\/2022\/05\/pexels-eva-elijas-6270323@2x.jpg\",\"width\":966,\"height\":626},{\"@type\":\"BreadcrumbList\",\"@id\":\"https:\/\/gomaterials.com\/fr\/etude-de-cas-strathmore\/#breadcrumb\",\"itemListElement\":[{\"@type\":\"ListItem\",\"position\":1,\"name\":\"Home\",\"item\":\"https:\/\/gomaterials.com\/fr\/\"},{\"@type\":\"ListItem\",\"position\":2,\"name\":\"case study strathmore\"}]},{\"@type\":\"WebSite\",\"@id\":\"https:\/\/gomaterials.com\/fr\/#website\",\"url\":\"https:\/\/gomaterials.com\/fr\/\",\"name\":\"Go Materials\",\"description\":\"Just another WordPress site\",\"potentialAction\":[{\"@type\":\"SearchAction\",\"target\":{\"@type\":\"EntryPoint\",\"urlTemplate\":\"https:\/\/gomaterials.com\/fr\/?s={search_term_string}\"},\"query-input\":{\"@type\":\"PropertyValueSpecification\",\"valueRequired\":true,\"valueName\":\"search_term_string\"}}],\"inLanguage\":\"fr-FR\"}]}<\/script>\n<!-- \/ Yoast SEO plugin. -->","yoast_head_json":{"title":"\u00c9tude de cas | Approvisionnement en arbres rares au Qu\u00e9bec","description":"D\u00e9couvrez comment GoMaterials a aid\u00e9 Strathmore Commercial Landscape Management \u00e0 trouver une grande quantit\u00e9 d\u2019arbres rares pour un projet au Qu\u00e9bec.","robots":{"index":"index","follow":"follow","max-snippet":"max-snippet:-1","max-image-preview":"max-image-preview:large","max-video-preview":"max-video-preview:-1"},"canonical":"https:\/\/gomaterials.com\/fr\/etude-de-cas-strathmore\/","og_locale":"fr_FR","og_type":"article","og_title":"\u00c9tude de cas | Approvisionnement en arbres rares au Qu\u00e9bec","og_description":"D\u00e9couvrez comment GoMaterials a aid\u00e9 Strathmore Commercial Landscape Management \u00e0 trouver une grande quantit\u00e9 d\u2019arbres rares pour un projet au Qu\u00e9bec.","og_url":"https:\/\/gomaterials.com\/fr\/etude-de-cas-strathmore\/","og_site_name":"Go Materials","article_modified_time":"2025-08-18T15:18:12+00:00","og_image":[{"width":966,"height":626,"url":"https:\/\/gomaterials.com\/wp-content\/uploads\/2022\/05\/pexels-eva-elijas-6270323@2x.jpg","type":"image\/jpeg"}],"twitter_card":"summary_large_image","twitter_misc":{"Dur\u00e9e de lecture estim\u00e9e":"1 minute"},"schema":{"@context":"https:\/\/schema.org","@graph":[{"@type":"WebPage","@id":"https:\/\/gomaterials.com\/fr\/etude-de-cas-strathmore\/","url":"https:\/\/gomaterials.com\/fr\/etude-de-cas-strathmore\/","name":"\u00c9tude de cas | Approvisionnement en arbres rares au Qu\u00e9bec","isPartOf":{"@id":"https:\/\/gomaterials.com\/fr\/#website"},"primaryImageOfPage":{"@id":"https:\/\/gomaterials.com\/fr\/etude-de-cas-strathmore\/#primaryimage"},"image":{"@id":"https:\/\/gomaterials.com\/fr\/etude-de-cas-strathmore\/#primaryimage"},"thumbnailUrl":"https:\/\/gomaterials.com\/wp-content\/uploads\/2022\/05\/pexels-eva-elijas-6270323@2x.jpg","datePublished":"2022-05-11T10:03:43+00:00","dateModified":"2025-08-18T15:18:12+00:00","description":"D\u00e9couvrez comment GoMaterials a aid\u00e9 Strathmore Commercial Landscape Management \u00e0 trouver une grande quantit\u00e9 d\u2019arbres rares pour un projet au Qu\u00e9bec.","breadcrumb":{"@id":"https:\/\/gomaterials.com\/fr\/etude-de-cas-strathmore\/#breadcrumb"},"inLanguage":"fr-FR","potentialAction":[{"@type":"ReadAction","target":["https:\/\/gomaterials.com\/fr\/etude-de-cas-strathmore\/"]}]},{"@type":"ImageObject","inLanguage":"fr-FR","@id":"https:\/\/gomaterials.com\/fr\/etude-de-cas-strathmore\/#primaryimage","url":"https:\/\/gomaterials.com\/wp-content\/uploads\/2022\/05\/pexels-eva-elijas-6270323@2x.jpg","contentUrl":"https:\/\/gomaterials.com\/wp-content\/uploads\/2022\/05\/pexels-eva-elijas-6270323@2x.jpg","width":966,"height":626},{"@type":"BreadcrumbList","@id":"https:\/\/gomaterials.com\/fr\/etude-de-cas-strathmore\/#breadcrumb","itemListElement":[{"@type":"ListItem","position":1,"name":"Home","item":"https:\/\/gomaterials.com\/fr\/"},{"@type":"ListItem","position":2,"name":"case study strathmore"}]},{"@type":"WebSite","@id":"https:\/\/gomaterials.com\/fr\/#website","url":"https:\/\/gomaterials.com\/fr\/","name":"Go Materials","description":"Just another WordPress site","potentialAction":[{"@type":"SearchAction","target":{"@type":"EntryPoint","urlTemplate":"https:\/\/gomaterials.com\/fr\/?s={search_term_string}"},"query-input":{"@type":"PropertyValueSpecification","valueRequired":true,"valueName":"search_term_string"}}],"inLanguage":"fr-FR"}]}},"_links":{"self":[{"href":"https:\/\/gomaterials.com\/fr\/wp-json\/wp\/v2\/pages\/6261","targetHints":{"allow":["GET"]}}],"collection":[{"href":"https:\/\/gomaterials.com\/fr\/wp-json\/wp\/v2\/pages"}],"about":[{"href":"https:\/\/gomaterials.com\/fr\/wp-json\/wp\/v2\/types\/page"}],"author":[{"embeddable":true,"href":"https:\/\/gomaterials.com\/fr\/wp-json\/wp\/v2\/users\/17"}],"replies":[{"embeddable":true,"href":"https:\/\/gomaterials.com\/fr\/wp-json\/wp\/v2\/comments?post=6261"}],"version-history":[{"count":1,"href":"https:\/\/gomaterials.com\/fr\/wp-json\/wp\/v2\/pages\/6261\/revisions"}],"predecessor-version":[{"id":7614,"href":"https:\/\/gomaterials.com\/fr\/wp-json\/wp\/v2\/pages\/6261\/revisions\/7614"}],"wp:featuredmedia":[{"embeddable":true,"href":"https:\/\/gomaterials.com\/fr\/wp-json\/wp\/v2\/media\/6222"}],"wp:attachment":[{"href":"https:\/\/gomaterials.com\/fr\/wp-json\/wp\/v2\/media?parent=6261"}],"curies":[{"name":"wp","href":"https:\/\/api.w.org\/{rel}","templated":true}]}}